{"id":12984,"date":"2024-10-10T14:47:04","date_gmt":"2024-10-10T12:47:04","guid":{"rendered":"https:\/\/www.zdrojownia.pl\/?page_id=12984"},"modified":"2025-01-17T11:00:12","modified_gmt":"2025-01-17T10:00:12","slug":"dystrybutordystrybutory-wody-osrodki-sportu-i-rekreacji","status":"publish","type":"page","link":"https:\/\/www.zdrojownia.pl\/en\/products\/distributors-water-sports-and-recreation-centres\/","title":{"rendered":"Water distributors sports and leisure centres"},"content":{"rendered":"<div class=\"wp-block-columns is-layout-flex wp-container-core-columns-is-layout-9d6595d7 wp-block-columns-is-layout-flex\">\n<div class=\"wp-block-column is-layout-flow wp-block-column-is-layout-flow\" style=\"flex-basis:30%\">\n<figure class=\"wp-block-image size-full\"><img loading=\"lazy\" decoding=\"async\" width=\"257\" height=\"240\" src=\"https:\/\/www.zdrojownia.pl\/wp-content\/uploads\/2024\/04\/Image-19.png\" alt=\"\" class=\"wp-image-12393\"\/><\/figure>\n<\/div>\n\n\n\n<div class=\"wp-block-column is-layout-flow wp-block-column-is-layout-flow\" style=\"flex-basis:70%\">\n<h2 class=\"wp-block-heading\"><strong>Water for sports facilities<\/strong><\/h2>\n\n\n\n<p>Water distributors in sports facilities are an important element in providing the right conditions for athletes and people using sports facilities. We offer a wide range of solutions adapted to various sports facilities, such as swimming pools, sports halls or stadiums. Our equipment is distinguished by its high quality and safety of use. Our distributors are certified by the PZH (National Institute of Hygiene), environmentally friendly and comfortable to use. Water dispensers in sports facilities are extremely important for maintaining the comfort and efficiency of athletes. Choose solutions that will provide your facility with the necessary quality and reliability and raise its standard.<\/p>\n\n\n\n<h2 class=\"wp-block-heading\"><strong>Water at the sports and leisure centre<\/strong><\/h2>\n\n\n\n<p>Sports and leisure centre water distributors are an integral part of any modern leisure space. Our products guarantee not only excellent quality, but also adaptation to the specific requirements of leisure centres such as aquaparks, sports fields or outdoor gyms. Take care of your customers by offering them clean and healthy drinking water. With our solutions, water management in sports and leisure centres is simple and efficient, and additionally supports environmental protection.<\/p>\n<\/div>\n<\/div>","protected":false},"excerpt":{"rendered":"<p>Water for sports venues Water dispensers in sports venues are an important element in providing the right conditions for athletes and [...]<\/p>","protected":false},"author":10,"featured_media":0,"parent":11274,"menu_order":0,"comment_status":"closed","ping_status":"closed","template":"produkty.php","meta":{"inline_featured_image":false,"footnotes":""},"class_list":["post-12984","page","type-page","status-publish","hentry"],"acf":[],"yoast_head":"<!-- This site is optimized with the Yoast SEO plugin v26.1 - https:\/\/yoast.com\/wordpress\/plugins\/seo\/ -->\n<title>Dystrybutory wody o\u015brodki sportu i rekreacji - Zdrojownia<\/title>\n<meta name=\"robots\" content=\"index, follow, max-snippet:-1, max-image-preview:large, max-video-preview:-1\" \/>\n<link rel=\"canonical\" href=\"https:\/\/www.zdrojownia.pl\/en\/products\/distributors-water-sports-and-recreation-centres\/\" \/>\n<meta property=\"og:locale\" content=\"en_GB\" \/>\n<meta property=\"og:type\" content=\"article\" \/>\n<meta property=\"og:title\" content=\"Dystrybutory wody o\u015brodki sportu i rekreacji - Zdrojownia\" \/>\n<meta property=\"og:description\" content=\"Woda do obiekt\u00f3w sportowych Dystrybutory wody w obiektach sportowych to wa\u017cny element w zapewnieniu odpowiednich warunk\u00f3w dla sportowc\u00f3w oraz os\u00f3b [&hellip;]\" \/>\n<meta property=\"og:url\" content=\"https:\/\/www.zdrojownia.pl\/en\/products\/distributors-water-sports-and-recreation-centres\/\" \/>\n<meta property=\"og:site_name\" content=\"Zdrojownia\" \/>\n<meta property=\"article:modified_time\" content=\"2025-01-17T10:00:12+00:00\" \/>\n<meta property=\"og:image\" content=\"https:\/\/www.zdrojownia.pl\/wp-content\/uploads\/2024\/04\/Image-19.png\" \/>\n<meta name=\"twitter:card\" content=\"summary_large_image\" \/>\n<meta name=\"twitter:label1\" content=\"Estimated reading time\" \/>\n\t<meta name=\"twitter:data1\" content=\"2 minutes\" \/>\n<script type=\"application\/ld+json\" class=\"yoast-schema-graph\">{\"@context\":\"https:\/\/schema.org\",\"@graph\":[{\"@type\":\"WebPage\",\"@id\":\"https:\/\/www.zdrojownia.pl\/produkty\/dystrybutordystrybutory-wody-osrodki-sportu-i-rekreacji\/\",\"url\":\"https:\/\/www.zdrojownia.pl\/produkty\/dystrybutordystrybutory-wody-osrodki-sportu-i-rekreacji\/\",\"name\":\"Dystrybutory wody o\u015brodki sportu i rekreacji - Zdrojownia\",\"isPartOf\":{\"@id\":\"https:\/\/www.zdrojownia.pl\/#website\"},\"primaryImageOfPage\":{\"@id\":\"https:\/\/www.zdrojownia.pl\/produkty\/dystrybutordystrybutory-wody-osrodki-sportu-i-rekreacji\/#primaryimage\"},\"image\":{\"@id\":\"https:\/\/www.zdrojownia.pl\/produkty\/dystrybutordystrybutory-wody-osrodki-sportu-i-rekreacji\/#primaryimage\"},\"thumbnailUrl\":\"https:\/\/www.zdrojownia.pl\/wp-content\/uploads\/2024\/04\/Image-19.png\",\"datePublished\":\"2024-10-10T12:47:04+00:00\",\"dateModified\":\"2025-01-17T10:00:12+00:00\",\"breadcrumb\":{\"@id\":\"https:\/\/www.zdrojownia.pl\/produkty\/dystrybutordystrybutory-wody-osrodki-sportu-i-rekreacji\/#breadcrumb\"},\"inLanguage\":\"en-GB\",\"potentialAction\":[{\"@type\":\"ReadAction\",\"target\":[\"https:\/\/www.zdrojownia.pl\/produkty\/dystrybutordystrybutory-wody-osrodki-sportu-i-rekreacji\/\"]}]},{\"@type\":\"ImageObject\",\"inLanguage\":\"en-GB\",\"@id\":\"https:\/\/www.zdrojownia.pl\/produkty\/dystrybutordystrybutory-wody-osrodki-sportu-i-rekreacji\/#primaryimage\",\"url\":\"https:\/\/www.zdrojownia.pl\/wp-content\/uploads\/2024\/04\/Image-19.png\",\"contentUrl\":\"https:\/\/www.zdrojownia.pl\/wp-content\/uploads\/2024\/04\/Image-19.png\"},{\"@type\":\"BreadcrumbList\",\"@id\":\"https:\/\/www.zdrojownia.pl\/produkty\/dystrybutordystrybutory-wody-osrodki-sportu-i-rekreacji\/#breadcrumb\",\"itemListElement\":[{\"@type\":\"ListItem\",\"position\":1,\"name\":\"Strona g\u0142\u00f3wna\",\"item\":\"https:\/\/www.zdrojownia.pl\/\"},{\"@type\":\"ListItem\",\"position\":2,\"name\":\"Produkty\",\"item\":\"https:\/\/www.zdrojownia.pl\/produkty\/\"},{\"@type\":\"ListItem\",\"position\":3,\"name\":\"Dystrybutory wody o\u015brodki sportu i rekreacji\"}]},{\"@type\":\"WebSite\",\"@id\":\"https:\/\/www.zdrojownia.pl\/#website\",\"url\":\"https:\/\/www.zdrojownia.pl\/\",\"name\":\"Zdrojownia\",\"description\":\"Dystrybutory wody dla szk\u00f3\u0142 sprzeda\u017c, poide\u0142ko w szkole\",\"publisher\":{\"@id\":\"https:\/\/www.zdrojownia.pl\/#organization\"},\"potentialAction\":[{\"@type\":\"SearchAction\",\"target\":{\"@type\":\"EntryPoint\",\"urlTemplate\":\"https:\/\/www.zdrojownia.pl\/?s={search_term_string}\"},\"query-input\":{\"@type\":\"PropertyValueSpecification\",\"valueRequired\":true,\"valueName\":\"search_term_string\"}}],\"inLanguage\":\"en-GB\"},{\"@type\":\"Organization\",\"@id\":\"https:\/\/www.zdrojownia.pl\/#organization\",\"name\":\"Zdrojownia\",\"url\":\"https:\/\/www.zdrojownia.pl\/\",\"logo\":{\"@type\":\"ImageObject\",\"inLanguage\":\"en-GB\",\"@id\":\"https:\/\/www.zdrojownia.pl\/#\/schema\/logo\/image\/\",\"url\":\"https:\/\/www.zdrojownia.pl\/wp-content\/uploads\/2024\/04\/Group-20.png\",\"contentUrl\":\"https:\/\/www.zdrojownia.pl\/wp-content\/uploads\/2024\/04\/Group-20.png\",\"width\":177,\"height\":177,\"caption\":\"Zdrojownia\"},\"image\":{\"@id\":\"https:\/\/www.zdrojownia.pl\/#\/schema\/logo\/image\/\"}}]}<\/script>\n<!-- \/ Yoast SEO plugin. -->","yoast_head_json":{"title":"Water distributors sports and leisure centres - Spas","robots":{"index":"index","follow":"follow","max-snippet":"max-snippet:-1","max-image-preview":"max-image-preview:large","max-video-preview":"max-video-preview:-1"},"canonical":"https:\/\/www.zdrojownia.pl\/en\/products\/distributors-water-sports-and-recreation-centres\/","og_locale":"en_GB","og_type":"article","og_title":"Dystrybutory wody o\u015brodki sportu i rekreacji - Zdrojownia","og_description":"Woda do obiekt\u00f3w sportowych Dystrybutory wody w obiektach sportowych to wa\u017cny element w zapewnieniu odpowiednich warunk\u00f3w dla sportowc\u00f3w oraz os\u00f3b [&hellip;]","og_url":"https:\/\/www.zdrojownia.pl\/en\/products\/distributors-water-sports-and-recreation-centres\/","og_site_name":"Zdrojownia","article_modified_time":"2025-01-17T10:00:12+00:00","og_image":[{"url":"https:\/\/www.zdrojownia.pl\/wp-content\/uploads\/2024\/04\/Image-19.png","type":"","width":"","height":""}],"twitter_card":"summary_large_image","twitter_misc":{"Estimated reading time":"2 minutes"},"schema":{"@context":"https:\/\/schema.org","@graph":[{"@type":"WebPage","@id":"https:\/\/www.zdrojownia.pl\/produkty\/dystrybutordystrybutory-wody-osrodki-sportu-i-rekreacji\/","url":"https:\/\/www.zdrojownia.pl\/produkty\/dystrybutordystrybutory-wody-osrodki-sportu-i-rekreacji\/","name":"Water distributors sports and leisure centres - Spas","isPartOf":{"@id":"https:\/\/www.zdrojownia.pl\/#website"},"primaryImageOfPage":{"@id":"https:\/\/www.zdrojownia.pl\/produkty\/dystrybutordystrybutory-wody-osrodki-sportu-i-rekreacji\/#primaryimage"},"image":{"@id":"https:\/\/www.zdrojownia.pl\/produkty\/dystrybutordystrybutory-wody-osrodki-sportu-i-rekreacji\/#primaryimage"},"thumbnailUrl":"https:\/\/www.zdrojownia.pl\/wp-content\/uploads\/2024\/04\/Image-19.png","datePublished":"2024-10-10T12:47:04+00:00","dateModified":"2025-01-17T10:00:12+00:00","breadcrumb":{"@id":"https:\/\/www.zdrojownia.pl\/produkty\/dystrybutordystrybutory-wody-osrodki-sportu-i-rekreacji\/#breadcrumb"},"inLanguage":"en-GB","potentialAction":[{"@type":"ReadAction","target":["https:\/\/www.zdrojownia.pl\/produkty\/dystrybutordystrybutory-wody-osrodki-sportu-i-rekreacji\/"]}]},{"@type":"ImageObject","inLanguage":"en-GB","@id":"https:\/\/www.zdrojownia.pl\/produkty\/dystrybutordystrybutory-wody-osrodki-sportu-i-rekreacji\/#primaryimage","url":"https:\/\/www.zdrojownia.pl\/wp-content\/uploads\/2024\/04\/Image-19.png","contentUrl":"https:\/\/www.zdrojownia.pl\/wp-content\/uploads\/2024\/04\/Image-19.png"},{"@type":"BreadcrumbList","@id":"https:\/\/www.zdrojownia.pl\/produkty\/dystrybutordystrybutory-wody-osrodki-sportu-i-rekreacji\/#breadcrumb","itemListElement":[{"@type":"ListItem","position":1,"name":"Strona g\u0142\u00f3wna","item":"https:\/\/www.zdrojownia.pl\/"},{"@type":"ListItem","position":2,"name":"Produkty","item":"https:\/\/www.zdrojownia.pl\/produkty\/"},{"@type":"ListItem","position":3,"name":"Dystrybutory wody o\u015brodki sportu i rekreacji"}]},{"@type":"WebSite","@id":"https:\/\/www.zdrojownia.pl\/#website","url":"https:\/\/www.zdrojownia.pl\/","name":"Spas","description":"Water dispensers for schools sale, school drinkers","publisher":{"@id":"https:\/\/www.zdrojownia.pl\/#organization"},"potentialAction":[{"@type":"SearchAction","target":{"@type":"EntryPoint","urlTemplate":"https:\/\/www.zdrojownia.pl\/?s={search_term_string}"},"query-input":{"@type":"PropertyValueSpecification","valueRequired":true,"valueName":"search_term_string"}}],"inLanguage":"en-GB"},{"@type":"Organization","@id":"https:\/\/www.zdrojownia.pl\/#organization","name":"Spas","url":"https:\/\/www.zdrojownia.pl\/","logo":{"@type":"ImageObject","inLanguage":"en-GB","@id":"https:\/\/www.zdrojownia.pl\/#\/schema\/logo\/image\/","url":"https:\/\/www.zdrojownia.pl\/wp-content\/uploads\/2024\/04\/Group-20.png","contentUrl":"https:\/\/www.zdrojownia.pl\/wp-content\/uploads\/2024\/04\/Group-20.png","width":177,"height":177,"caption":"Zdrojownia"},"image":{"@id":"https:\/\/www.zdrojownia.pl\/#\/schema\/logo\/image\/"}}]}},"_links":{"self":[{"href":"https:\/\/www.zdrojownia.pl\/en\/wp-json\/wp\/v2\/pages\/12984","targetHints":{"allow":["GET"]}}],"collection":[{"href":"https:\/\/www.zdrojownia.pl\/en\/wp-json\/wp\/v2\/pages"}],"about":[{"href":"https:\/\/www.zdrojownia.pl\/en\/wp-json\/wp\/v2\/types\/page"}],"author":[{"embeddable":true,"href":"https:\/\/www.zdrojownia.pl\/en\/wp-json\/wp\/v2\/users\/10"}],"replies":[{"embeddable":true,"href":"https:\/\/www.zdrojownia.pl\/en\/wp-json\/wp\/v2\/comments?post=12984"}],"version-history":[{"count":2,"href":"https:\/\/www.zdrojownia.pl\/en\/wp-json\/wp\/v2\/pages\/12984\/revisions"}],"predecessor-version":[{"id":13143,"href":"https:\/\/www.zdrojownia.pl\/en\/wp-json\/wp\/v2\/pages\/12984\/revisions\/13143"}],"up":[{"embeddable":true,"href":"https:\/\/www.zdrojownia.pl\/en\/wp-json\/wp\/v2\/pages\/11274"}],"wp:attachment":[{"href":"https:\/\/www.zdrojownia.pl\/en\/wp-json\/wp\/v2\/media?parent=12984"}],"curies":[{"name":"wp","href":"https:\/\/api.w.org\/{rel}","templated":true}]}}