{"id":12937,"date":"2024-09-17T15:14:28","date_gmt":"2024-09-17T13:14:28","guid":{"rendered":"https:\/\/www.zdrojownia.pl\/?page_id=12937"},"modified":"2025-01-17T11:01:47","modified_gmt":"2025-01-17T10:01:47","slug":"dystrybutory-wody-do-hoteli","status":"publish","type":"page","link":"https:\/\/www.zdrojownia.pl\/en\/products\/water-distributors-to-hotels\/","title":{"rendered":"Water dispensers for hotels"},"content":{"rendered":"<div class=\"wp-block-columns is-layout-flex wp-container-core-columns-is-layout-9d6595d7 wp-block-columns-is-layout-flex\">\n<div class=\"wp-block-column is-layout-flow wp-block-column-is-layout-flow\" style=\"flex-basis:30%\">\n<figure class=\"wp-block-image size-full\"><img loading=\"lazy\" decoding=\"async\" width=\"257\" height=\"240\" src=\"https:\/\/www.zdrojownia.pl\/wp-content\/uploads\/2024\/04\/Image-19.png\" alt=\"\" class=\"wp-image-12393\"\/><\/figure>\n<\/div>\n\n\n\n<div class=\"wp-block-column is-layout-flow wp-block-column-is-layout-flow\" style=\"flex-basis:70%\">\n<h2 class=\"wp-block-heading\"><br><strong>Water for hotels<\/strong><\/h2>\n\n\n\n<p>Water for hotels is a key element in ensuring guest comfort and meeting the highest quality standards. High-quality water dispensers influence the customer's positive impression of the property. Water in hotels should not only be clean and tasty, but also available in different versions - chilled, carbonated or hot. Well-chosen water distribution solutions allow flexible adaptation to guests' needs, offering water in rooms, restaurants, bars or spa areas. Modern water dispensers for hotels guarantee both functionality and aesthetics, enhancing the prestige of the facility.<\/p>\n\n\n\n<h2 class=\"wp-block-heading\"><strong>Water dispensers for hotels<\/strong><\/h2>\n\n\n\n<p>Water dispensers for hotels are an indispensable part of any modern facility that cares about the environment and the comfort of its guests. Modern dispensers allow quick access to fresh, filtered water - whether cold, hot or carbonated. Bottle-free dispensers are increasingly used in hotels, minimising the problem of storing and transporting large quantities of bottled water. Water dispensers in hotels can be available in communal spaces such as lobbies, meeting rooms and gyms, providing guests with convenience and constant access to fresh water throughout their stay.<\/p>\n<\/div>\n<\/div>","protected":false},"excerpt":{"rendered":"<p>Water for hotels Water for hotels is a key element in ensuring guest comfort and meeting the highest quality standards. High-quality dispensers [...]<\/p>","protected":false},"author":10,"featured_media":0,"parent":11274,"menu_order":0,"comment_status":"closed","ping_status":"closed","template":"produkty.php","meta":{"inline_featured_image":false,"footnotes":""},"class_list":["post-12937","page","type-page","status-publish","hentry"],"acf":[],"yoast_head":"<!-- This site is optimized with the Yoast SEO plugin v26.1 - https:\/\/yoast.com\/wordpress\/plugins\/seo\/ -->\n<title>Dystrybutory wody do hoteli, woda do hoteli - Zdrojownia<\/title>\n<meta name=\"robots\" content=\"index, follow, max-snippet:-1, max-image-preview:large, max-video-preview:-1\" \/>\n<link rel=\"canonical\" href=\"https:\/\/www.zdrojownia.pl\/en\/products\/water-distributors-to-hotels\/\" \/>\n<meta property=\"og:locale\" content=\"en_GB\" \/>\n<meta property=\"og:type\" content=\"article\" \/>\n<meta property=\"og:title\" content=\"Dystrybutory wody do hoteli, woda do hoteli - Zdrojownia\" \/>\n<meta property=\"og:description\" content=\"Woda do hoteli Woda do hoteli to kluczowy element zapewnienia komfortu go\u015bci oraz spe\u0142nienia najwy\u017cszych standard\u00f3w jako\u015bci. Wysokiej jako\u015bci dystrybutory [&hellip;]\" \/>\n<meta property=\"og:url\" content=\"https:\/\/www.zdrojownia.pl\/en\/products\/water-distributors-to-hotels\/\" \/>\n<meta property=\"og:site_name\" content=\"Zdrojownia\" \/>\n<meta property=\"article:modified_time\" content=\"2025-01-17T10:01:47+00:00\" \/>\n<meta property=\"og:image\" content=\"https:\/\/www.zdrojownia.pl\/wp-content\/uploads\/2024\/04\/Image-19.png\" \/>\n<meta name=\"twitter:card\" content=\"summary_large_image\" \/>\n<meta name=\"twitter:label1\" content=\"Estimated reading time\" \/>\n\t<meta name=\"twitter:data1\" content=\"2 minutes\" \/>\n<script type=\"application\/ld+json\" class=\"yoast-schema-graph\">{\"@context\":\"https:\/\/schema.org\",\"@graph\":[{\"@type\":\"WebPage\",\"@id\":\"https:\/\/www.zdrojownia.pl\/produkty\/dystrybutory-wody-do-hoteli\/\",\"url\":\"https:\/\/www.zdrojownia.pl\/produkty\/dystrybutory-wody-do-hoteli\/\",\"name\":\"Dystrybutory wody do hoteli, woda do hoteli - Zdrojownia\",\"isPartOf\":{\"@id\":\"https:\/\/www.zdrojownia.pl\/#website\"},\"primaryImageOfPage\":{\"@id\":\"https:\/\/www.zdrojownia.pl\/produkty\/dystrybutory-wody-do-hoteli\/#primaryimage\"},\"image\":{\"@id\":\"https:\/\/www.zdrojownia.pl\/produkty\/dystrybutory-wody-do-hoteli\/#primaryimage\"},\"thumbnailUrl\":\"https:\/\/www.zdrojownia.pl\/wp-content\/uploads\/2024\/04\/Image-19.png\",\"datePublished\":\"2024-09-17T13:14:28+00:00\",\"dateModified\":\"2025-01-17T10:01:47+00:00\",\"breadcrumb\":{\"@id\":\"https:\/\/www.zdrojownia.pl\/produkty\/dystrybutory-wody-do-hoteli\/#breadcrumb\"},\"inLanguage\":\"en-GB\",\"potentialAction\":[{\"@type\":\"ReadAction\",\"target\":[\"https:\/\/www.zdrojownia.pl\/produkty\/dystrybutory-wody-do-hoteli\/\"]}]},{\"@type\":\"ImageObject\",\"inLanguage\":\"en-GB\",\"@id\":\"https:\/\/www.zdrojownia.pl\/produkty\/dystrybutory-wody-do-hoteli\/#primaryimage\",\"url\":\"https:\/\/www.zdrojownia.pl\/wp-content\/uploads\/2024\/04\/Image-19.png\",\"contentUrl\":\"https:\/\/www.zdrojownia.pl\/wp-content\/uploads\/2024\/04\/Image-19.png\"},{\"@type\":\"BreadcrumbList\",\"@id\":\"https:\/\/www.zdrojownia.pl\/produkty\/dystrybutory-wody-do-hoteli\/#breadcrumb\",\"itemListElement\":[{\"@type\":\"ListItem\",\"position\":1,\"name\":\"Strona g\u0142\u00f3wna\",\"item\":\"https:\/\/www.zdrojownia.pl\/\"},{\"@type\":\"ListItem\",\"position\":2,\"name\":\"Produkty\",\"item\":\"https:\/\/www.zdrojownia.pl\/produkty\/\"},{\"@type\":\"ListItem\",\"position\":3,\"name\":\"Dystrybutory wody do hoteli\"}]},{\"@type\":\"WebSite\",\"@id\":\"https:\/\/www.zdrojownia.pl\/#website\",\"url\":\"https:\/\/www.zdrojownia.pl\/\",\"name\":\"Zdrojownia\",\"description\":\"Dystrybutory wody dla szk\u00f3\u0142 sprzeda\u017c, poide\u0142ko w szkole\",\"publisher\":{\"@id\":\"https:\/\/www.zdrojownia.pl\/#organization\"},\"potentialAction\":[{\"@type\":\"SearchAction\",\"target\":{\"@type\":\"EntryPoint\",\"urlTemplate\":\"https:\/\/www.zdrojownia.pl\/?s={search_term_string}\"},\"query-input\":{\"@type\":\"PropertyValueSpecification\",\"valueRequired\":true,\"valueName\":\"search_term_string\"}}],\"inLanguage\":\"en-GB\"},{\"@type\":\"Organization\",\"@id\":\"https:\/\/www.zdrojownia.pl\/#organization\",\"name\":\"Zdrojownia\",\"url\":\"https:\/\/www.zdrojownia.pl\/\",\"logo\":{\"@type\":\"ImageObject\",\"inLanguage\":\"en-GB\",\"@id\":\"https:\/\/www.zdrojownia.pl\/#\/schema\/logo\/image\/\",\"url\":\"https:\/\/www.zdrojownia.pl\/wp-content\/uploads\/2024\/04\/Group-20.png\",\"contentUrl\":\"https:\/\/www.zdrojownia.pl\/wp-content\/uploads\/2024\/04\/Group-20.png\",\"width\":177,\"height\":177,\"caption\":\"Zdrojownia\"},\"image\":{\"@id\":\"https:\/\/www.zdrojownia.pl\/#\/schema\/logo\/image\/\"}}]}<\/script>\n<!-- \/ Yoast SEO plugin. -->","yoast_head_json":{"title":"Water distributors for hotels, water for hotels - Zdrojownia","robots":{"index":"index","follow":"follow","max-snippet":"max-snippet:-1","max-image-preview":"max-image-preview:large","max-video-preview":"max-video-preview:-1"},"canonical":"https:\/\/www.zdrojownia.pl\/en\/products\/water-distributors-to-hotels\/","og_locale":"en_GB","og_type":"article","og_title":"Dystrybutory wody do hoteli, woda do hoteli - Zdrojownia","og_description":"Woda do hoteli Woda do hoteli to kluczowy element zapewnienia komfortu go\u015bci oraz spe\u0142nienia najwy\u017cszych standard\u00f3w jako\u015bci. Wysokiej jako\u015bci dystrybutory [&hellip;]","og_url":"https:\/\/www.zdrojownia.pl\/en\/products\/water-distributors-to-hotels\/","og_site_name":"Zdrojownia","article_modified_time":"2025-01-17T10:01:47+00:00","og_image":[{"url":"https:\/\/www.zdrojownia.pl\/wp-content\/uploads\/2024\/04\/Image-19.png","type":"","width":"","height":""}],"twitter_card":"summary_large_image","twitter_misc":{"Estimated reading time":"2 minutes"},"schema":{"@context":"https:\/\/schema.org","@graph":[{"@type":"WebPage","@id":"https:\/\/www.zdrojownia.pl\/produkty\/dystrybutory-wody-do-hoteli\/","url":"https:\/\/www.zdrojownia.pl\/produkty\/dystrybutory-wody-do-hoteli\/","name":"Water distributors for hotels, water for hotels - Zdrojownia","isPartOf":{"@id":"https:\/\/www.zdrojownia.pl\/#website"},"primaryImageOfPage":{"@id":"https:\/\/www.zdrojownia.pl\/produkty\/dystrybutory-wody-do-hoteli\/#primaryimage"},"image":{"@id":"https:\/\/www.zdrojownia.pl\/produkty\/dystrybutory-wody-do-hoteli\/#primaryimage"},"thumbnailUrl":"https:\/\/www.zdrojownia.pl\/wp-content\/uploads\/2024\/04\/Image-19.png","datePublished":"2024-09-17T13:14:28+00:00","dateModified":"2025-01-17T10:01:47+00:00","breadcrumb":{"@id":"https:\/\/www.zdrojownia.pl\/produkty\/dystrybutory-wody-do-hoteli\/#breadcrumb"},"inLanguage":"en-GB","potentialAction":[{"@type":"ReadAction","target":["https:\/\/www.zdrojownia.pl\/produkty\/dystrybutory-wody-do-hoteli\/"]}]},{"@type":"ImageObject","inLanguage":"en-GB","@id":"https:\/\/www.zdrojownia.pl\/produkty\/dystrybutory-wody-do-hoteli\/#primaryimage","url":"https:\/\/www.zdrojownia.pl\/wp-content\/uploads\/2024\/04\/Image-19.png","contentUrl":"https:\/\/www.zdrojownia.pl\/wp-content\/uploads\/2024\/04\/Image-19.png"},{"@type":"BreadcrumbList","@id":"https:\/\/www.zdrojownia.pl\/produkty\/dystrybutory-wody-do-hoteli\/#breadcrumb","itemListElement":[{"@type":"ListItem","position":1,"name":"Strona g\u0142\u00f3wna","item":"https:\/\/www.zdrojownia.pl\/"},{"@type":"ListItem","position":2,"name":"Produkty","item":"https:\/\/www.zdrojownia.pl\/produkty\/"},{"@type":"ListItem","position":3,"name":"Dystrybutory wody do hoteli"}]},{"@type":"WebSite","@id":"https:\/\/www.zdrojownia.pl\/#website","url":"https:\/\/www.zdrojownia.pl\/","name":"Spas","description":"Water dispensers for schools sale, school drinkers","publisher":{"@id":"https:\/\/www.zdrojownia.pl\/#organization"},"potentialAction":[{"@type":"SearchAction","target":{"@type":"EntryPoint","urlTemplate":"https:\/\/www.zdrojownia.pl\/?s={search_term_string}"},"query-input":{"@type":"PropertyValueSpecification","valueRequired":true,"valueName":"search_term_string"}}],"inLanguage":"en-GB"},{"@type":"Organization","@id":"https:\/\/www.zdrojownia.pl\/#organization","name":"Spas","url":"https:\/\/www.zdrojownia.pl\/","logo":{"@type":"ImageObject","inLanguage":"en-GB","@id":"https:\/\/www.zdrojownia.pl\/#\/schema\/logo\/image\/","url":"https:\/\/www.zdrojownia.pl\/wp-content\/uploads\/2024\/04\/Group-20.png","contentUrl":"https:\/\/www.zdrojownia.pl\/wp-content\/uploads\/2024\/04\/Group-20.png","width":177,"height":177,"caption":"Zdrojownia"},"image":{"@id":"https:\/\/www.zdrojownia.pl\/#\/schema\/logo\/image\/"}}]}},"_links":{"self":[{"href":"https:\/\/www.zdrojownia.pl\/en\/wp-json\/wp\/v2\/pages\/12937","targetHints":{"allow":["GET"]}}],"collection":[{"href":"https:\/\/www.zdrojownia.pl\/en\/wp-json\/wp\/v2\/pages"}],"about":[{"href":"https:\/\/www.zdrojownia.pl\/en\/wp-json\/wp\/v2\/types\/page"}],"author":[{"embeddable":true,"href":"https:\/\/www.zdrojownia.pl\/en\/wp-json\/wp\/v2\/users\/10"}],"replies":[{"embeddable":true,"href":"https:\/\/www.zdrojownia.pl\/en\/wp-json\/wp\/v2\/comments?post=12937"}],"version-history":[{"count":4,"href":"https:\/\/www.zdrojownia.pl\/en\/wp-json\/wp\/v2\/pages\/12937\/revisions"}],"predecessor-version":[{"id":13144,"href":"https:\/\/www.zdrojownia.pl\/en\/wp-json\/wp\/v2\/pages\/12937\/revisions\/13144"}],"up":[{"embeddable":true,"href":"https:\/\/www.zdrojownia.pl\/en\/wp-json\/wp\/v2\/pages\/11274"}],"wp:attachment":[{"href":"https:\/\/www.zdrojownia.pl\/en\/wp-json\/wp\/v2\/media?parent=12937"}],"curies":[{"name":"wp","href":"https:\/\/api.w.org\/{rel}","templated":true}]}}