{"id":12934,"date":"2024-09-17T15:07:17","date_gmt":"2024-09-17T13:07:17","guid":{"rendered":"https:\/\/www.zdrojownia.pl\/?page_id=12934"},"modified":"2025-01-17T11:02:33","modified_gmt":"2025-01-17T10:02:33","slug":"dystrybutory-wody-do-restauracji","status":"publish","type":"page","link":"https:\/\/www.zdrojownia.pl\/en\/products\/water-dispensers-restaurants\/","title":{"rendered":"Water dispensers for restaurants"},"content":{"rendered":"<div class=\"wp-block-columns is-layout-flex wp-container-core-columns-is-layout-9d6595d7 wp-block-columns-is-layout-flex\">\n<div class=\"wp-block-column is-layout-flow wp-block-column-is-layout-flow\" style=\"flex-basis:30%\">\n<figure class=\"wp-block-image size-full\"><img loading=\"lazy\" decoding=\"async\" width=\"257\" height=\"240\" src=\"https:\/\/www.zdrojownia.pl\/wp-content\/uploads\/2024\/04\/Image-19.png\" alt=\"\" class=\"wp-image-12393\"\/><\/figure>\n<\/div>\n\n\n\n<div class=\"wp-block-column is-layout-flow wp-block-column-is-layout-flow\" style=\"flex-basis:70%\">\n<h2 class=\"wp-block-heading\"><br><strong>Water for restaurants<\/strong><\/h2>\n\n\n\n<p>Restaurant water is a key element that influences the quality of guest service and the image of the catering establishment. High-quality water is not only the standard of service, but also the health and satisfaction of customers. We offer solutions that provide clean and tasty water, ideal for serving in glasses or preparing drinks. Water treatment systems for restaurants eliminate contaminants and unwanted odours, raising the standard of water used both in the kitchen and in the food hall. It is the perfect solution for any restaurant concerned about the quality of its service.<\/p>\n\n\n\n<h2 class=\"wp-block-heading\"><strong>Water dispensers for restaurants<\/strong><\/h2>\n\n\n\n<p>Water dispensers for restaurants are state-of-the-art devices that provide convenient access to fresh and cool water for both staff and guests. Our range includes water dispensers with a variety of specifications to suit the needs of catering establishments - from small caf\u00e9s to large restaurants. These units are easy to operate and maintain, and blend aesthetically with the interior design. Water dispensers for restaurants can serve water at different temperatures, allowing you to tailor your offering to your customers' preferences.<\/p>\n<\/div>\n<\/div>","protected":false},"excerpt":{"rendered":"<p>Water for restaurants Water for restaurants is a key element that influences the quality of guest service and the image of the restaurant establishment. High [...]<\/p>","protected":false},"author":10,"featured_media":0,"parent":11274,"menu_order":0,"comment_status":"closed","ping_status":"closed","template":"produkty.php","meta":{"inline_featured_image":false,"footnotes":""},"class_list":["post-12934","page","type-page","status-publish","hentry"],"acf":[],"yoast_head":"<!-- This site is optimized with the Yoast SEO plugin v26.1 - https:\/\/yoast.com\/wordpress\/plugins\/seo\/ -->\n<title>Dystrybutory wody do restauracji, woda doresturacji - Zdrojownia<\/title>\n<meta name=\"robots\" content=\"index, follow, max-snippet:-1, max-image-preview:large, max-video-preview:-1\" \/>\n<link rel=\"canonical\" href=\"https:\/\/www.zdrojownia.pl\/en\/products\/water-dispensers-restaurants\/\" \/>\n<meta property=\"og:locale\" content=\"en_GB\" \/>\n<meta property=\"og:type\" content=\"article\" \/>\n<meta property=\"og:title\" content=\"Dystrybutory wody do restauracji, woda doresturacji - Zdrojownia\" \/>\n<meta property=\"og:description\" content=\"Woda do restauracji Woda do restauracji to kluczowy element, kt\u00f3ry wp\u0142ywa na jako\u015b\u0107 obs\u0142ugi go\u015bci oraz wizerunek lokalu gastronomicznego. Wysokiej [&hellip;]\" \/>\n<meta property=\"og:url\" content=\"https:\/\/www.zdrojownia.pl\/en\/products\/water-dispensers-restaurants\/\" \/>\n<meta property=\"og:site_name\" content=\"Zdrojownia\" \/>\n<meta property=\"article:modified_time\" content=\"2025-01-17T10:02:33+00:00\" \/>\n<meta property=\"og:image\" content=\"https:\/\/www.zdrojownia.pl\/wp-content\/uploads\/2024\/04\/Image-19.png\" \/>\n<meta name=\"twitter:card\" content=\"summary_large_image\" \/>\n<meta name=\"twitter:label1\" content=\"Estimated reading time\" \/>\n\t<meta name=\"twitter:data1\" content=\"2 minutes\" \/>\n<script type=\"application\/ld+json\" class=\"yoast-schema-graph\">{\"@context\":\"https:\/\/schema.org\",\"@graph\":[{\"@type\":\"WebPage\",\"@id\":\"https:\/\/www.zdrojownia.pl\/produkty\/dystrybutory-wody-do-restauracji\/\",\"url\":\"https:\/\/www.zdrojownia.pl\/produkty\/dystrybutory-wody-do-restauracji\/\",\"name\":\"Dystrybutory wody do restauracji, woda doresturacji - Zdrojownia\",\"isPartOf\":{\"@id\":\"https:\/\/www.zdrojownia.pl\/#website\"},\"primaryImageOfPage\":{\"@id\":\"https:\/\/www.zdrojownia.pl\/produkty\/dystrybutory-wody-do-restauracji\/#primaryimage\"},\"image\":{\"@id\":\"https:\/\/www.zdrojownia.pl\/produkty\/dystrybutory-wody-do-restauracji\/#primaryimage\"},\"thumbnailUrl\":\"https:\/\/www.zdrojownia.pl\/wp-content\/uploads\/2024\/04\/Image-19.png\",\"datePublished\":\"2024-09-17T13:07:17+00:00\",\"dateModified\":\"2025-01-17T10:02:33+00:00\",\"breadcrumb\":{\"@id\":\"https:\/\/www.zdrojownia.pl\/produkty\/dystrybutory-wody-do-restauracji\/#breadcrumb\"},\"inLanguage\":\"en-GB\",\"potentialAction\":[{\"@type\":\"ReadAction\",\"target\":[\"https:\/\/www.zdrojownia.pl\/produkty\/dystrybutory-wody-do-restauracji\/\"]}]},{\"@type\":\"ImageObject\",\"inLanguage\":\"en-GB\",\"@id\":\"https:\/\/www.zdrojownia.pl\/produkty\/dystrybutory-wody-do-restauracji\/#primaryimage\",\"url\":\"https:\/\/www.zdrojownia.pl\/wp-content\/uploads\/2024\/04\/Image-19.png\",\"contentUrl\":\"https:\/\/www.zdrojownia.pl\/wp-content\/uploads\/2024\/04\/Image-19.png\"},{\"@type\":\"BreadcrumbList\",\"@id\":\"https:\/\/www.zdrojownia.pl\/produkty\/dystrybutory-wody-do-restauracji\/#breadcrumb\",\"itemListElement\":[{\"@type\":\"ListItem\",\"position\":1,\"name\":\"Strona g\u0142\u00f3wna\",\"item\":\"https:\/\/www.zdrojownia.pl\/\"},{\"@type\":\"ListItem\",\"position\":2,\"name\":\"Produkty\",\"item\":\"https:\/\/www.zdrojownia.pl\/produkty\/\"},{\"@type\":\"ListItem\",\"position\":3,\"name\":\"Dystrybutory wody do restauracji\"}]},{\"@type\":\"WebSite\",\"@id\":\"https:\/\/www.zdrojownia.pl\/#website\",\"url\":\"https:\/\/www.zdrojownia.pl\/\",\"name\":\"Zdrojownia\",\"description\":\"Dystrybutory wody dla szk\u00f3\u0142 sprzeda\u017c, poide\u0142ko w szkole\",\"publisher\":{\"@id\":\"https:\/\/www.zdrojownia.pl\/#organization\"},\"potentialAction\":[{\"@type\":\"SearchAction\",\"target\":{\"@type\":\"EntryPoint\",\"urlTemplate\":\"https:\/\/www.zdrojownia.pl\/?s={search_term_string}\"},\"query-input\":{\"@type\":\"PropertyValueSpecification\",\"valueRequired\":true,\"valueName\":\"search_term_string\"}}],\"inLanguage\":\"en-GB\"},{\"@type\":\"Organization\",\"@id\":\"https:\/\/www.zdrojownia.pl\/#organization\",\"name\":\"Zdrojownia\",\"url\":\"https:\/\/www.zdrojownia.pl\/\",\"logo\":{\"@type\":\"ImageObject\",\"inLanguage\":\"en-GB\",\"@id\":\"https:\/\/www.zdrojownia.pl\/#\/schema\/logo\/image\/\",\"url\":\"https:\/\/www.zdrojownia.pl\/wp-content\/uploads\/2024\/04\/Group-20.png\",\"contentUrl\":\"https:\/\/www.zdrojownia.pl\/wp-content\/uploads\/2024\/04\/Group-20.png\",\"width\":177,\"height\":177,\"caption\":\"Zdrojownia\"},\"image\":{\"@id\":\"https:\/\/www.zdrojownia.pl\/#\/schema\/logo\/image\/\"}}]}<\/script>\n<!-- \/ Yoast SEO plugin. -->","yoast_head_json":{"title":"Water distributors for restaurants, water forrestaurants - Zdrojownia","robots":{"index":"index","follow":"follow","max-snippet":"max-snippet:-1","max-image-preview":"max-image-preview:large","max-video-preview":"max-video-preview:-1"},"canonical":"https:\/\/www.zdrojownia.pl\/en\/products\/water-dispensers-restaurants\/","og_locale":"en_GB","og_type":"article","og_title":"Dystrybutory wody do restauracji, woda doresturacji - Zdrojownia","og_description":"Woda do restauracji Woda do restauracji to kluczowy element, kt\u00f3ry wp\u0142ywa na jako\u015b\u0107 obs\u0142ugi go\u015bci oraz wizerunek lokalu gastronomicznego. Wysokiej [&hellip;]","og_url":"https:\/\/www.zdrojownia.pl\/en\/products\/water-dispensers-restaurants\/","og_site_name":"Zdrojownia","article_modified_time":"2025-01-17T10:02:33+00:00","og_image":[{"url":"https:\/\/www.zdrojownia.pl\/wp-content\/uploads\/2024\/04\/Image-19.png","type":"","width":"","height":""}],"twitter_card":"summary_large_image","twitter_misc":{"Estimated reading time":"2 minutes"},"schema":{"@context":"https:\/\/schema.org","@graph":[{"@type":"WebPage","@id":"https:\/\/www.zdrojownia.pl\/produkty\/dystrybutory-wody-do-restauracji\/","url":"https:\/\/www.zdrojownia.pl\/produkty\/dystrybutory-wody-do-restauracji\/","name":"Water distributors for restaurants, water forrestaurants - Zdrojownia","isPartOf":{"@id":"https:\/\/www.zdrojownia.pl\/#website"},"primaryImageOfPage":{"@id":"https:\/\/www.zdrojownia.pl\/produkty\/dystrybutory-wody-do-restauracji\/#primaryimage"},"image":{"@id":"https:\/\/www.zdrojownia.pl\/produkty\/dystrybutory-wody-do-restauracji\/#primaryimage"},"thumbnailUrl":"https:\/\/www.zdrojownia.pl\/wp-content\/uploads\/2024\/04\/Image-19.png","datePublished":"2024-09-17T13:07:17+00:00","dateModified":"2025-01-17T10:02:33+00:00","breadcrumb":{"@id":"https:\/\/www.zdrojownia.pl\/produkty\/dystrybutory-wody-do-restauracji\/#breadcrumb"},"inLanguage":"en-GB","potentialAction":[{"@type":"ReadAction","target":["https:\/\/www.zdrojownia.pl\/produkty\/dystrybutory-wody-do-restauracji\/"]}]},{"@type":"ImageObject","inLanguage":"en-GB","@id":"https:\/\/www.zdrojownia.pl\/produkty\/dystrybutory-wody-do-restauracji\/#primaryimage","url":"https:\/\/www.zdrojownia.pl\/wp-content\/uploads\/2024\/04\/Image-19.png","contentUrl":"https:\/\/www.zdrojownia.pl\/wp-content\/uploads\/2024\/04\/Image-19.png"},{"@type":"BreadcrumbList","@id":"https:\/\/www.zdrojownia.pl\/produkty\/dystrybutory-wody-do-restauracji\/#breadcrumb","itemListElement":[{"@type":"ListItem","position":1,"name":"Strona g\u0142\u00f3wna","item":"https:\/\/www.zdrojownia.pl\/"},{"@type":"ListItem","position":2,"name":"Produkty","item":"https:\/\/www.zdrojownia.pl\/produkty\/"},{"@type":"ListItem","position":3,"name":"Dystrybutory wody do restauracji"}]},{"@type":"WebSite","@id":"https:\/\/www.zdrojownia.pl\/#website","url":"https:\/\/www.zdrojownia.pl\/","name":"Spas","description":"Water dispensers for schools sale, school drinkers","publisher":{"@id":"https:\/\/www.zdrojownia.pl\/#organization"},"potentialAction":[{"@type":"SearchAction","target":{"@type":"EntryPoint","urlTemplate":"https:\/\/www.zdrojownia.pl\/?s={search_term_string}"},"query-input":{"@type":"PropertyValueSpecification","valueRequired":true,"valueName":"search_term_string"}}],"inLanguage":"en-GB"},{"@type":"Organization","@id":"https:\/\/www.zdrojownia.pl\/#organization","name":"Spas","url":"https:\/\/www.zdrojownia.pl\/","logo":{"@type":"ImageObject","inLanguage":"en-GB","@id":"https:\/\/www.zdrojownia.pl\/#\/schema\/logo\/image\/","url":"https:\/\/www.zdrojownia.pl\/wp-content\/uploads\/2024\/04\/Group-20.png","contentUrl":"https:\/\/www.zdrojownia.pl\/wp-content\/uploads\/2024\/04\/Group-20.png","width":177,"height":177,"caption":"Zdrojownia"},"image":{"@id":"https:\/\/www.zdrojownia.pl\/#\/schema\/logo\/image\/"}}]}},"_links":{"self":[{"href":"https:\/\/www.zdrojownia.pl\/en\/wp-json\/wp\/v2\/pages\/12934","targetHints":{"allow":["GET"]}}],"collection":[{"href":"https:\/\/www.zdrojownia.pl\/en\/wp-json\/wp\/v2\/pages"}],"about":[{"href":"https:\/\/www.zdrojownia.pl\/en\/wp-json\/wp\/v2\/types\/page"}],"author":[{"embeddable":true,"href":"https:\/\/www.zdrojownia.pl\/en\/wp-json\/wp\/v2\/users\/10"}],"replies":[{"embeddable":true,"href":"https:\/\/www.zdrojownia.pl\/en\/wp-json\/wp\/v2\/comments?post=12934"}],"version-history":[{"count":3,"href":"https:\/\/www.zdrojownia.pl\/en\/wp-json\/wp\/v2\/pages\/12934\/revisions"}],"predecessor-version":[{"id":13136,"href":"https:\/\/www.zdrojownia.pl\/en\/wp-json\/wp\/v2\/pages\/12934\/revisions\/13136"}],"up":[{"embeddable":true,"href":"https:\/\/www.zdrojownia.pl\/en\/wp-json\/wp\/v2\/pages\/11274"}],"wp:attachment":[{"href":"https:\/\/www.zdrojownia.pl\/en\/wp-json\/wp\/v2\/media?parent=12934"}],"curies":[{"name":"wp","href":"https:\/\/api.w.org\/{rel}","templated":true}]}}