{"id":11283,"date":"2024-03-25T11:46:23","date_gmt":"2024-03-25T11:46:23","guid":{"rendered":"https:\/\/zdrojownia.optimamedia.com.pl\/?page_id=11032"},"modified":"2025-01-17T11:49:53","modified_gmt":"2025-01-17T10:49:53","slug":"zaklad-pracy","status":"publish","type":"page","link":"https:\/\/www.zdrojownia.pl\/en\/products\/zaklad-pracy\/","title":{"rendered":"Workplaces"},"content":{"rendered":"<div class=\"wp-block-columns is-layout-flex wp-container-core-columns-is-layout-9d6595d7 wp-block-columns-is-layout-flex\">\n<div class=\"wp-block-column is-layout-flow wp-block-column-is-layout-flow\" style=\"flex-basis:30%\">\n<figure class=\"wp-block-image size-full\"><img loading=\"lazy\" decoding=\"async\" width=\"257\" height=\"240\" src=\"https:\/\/www.zdrojownia.pl\/wp-content\/uploads\/2024\/04\/Image-19.png\" alt=\"\" class=\"wp-image-12393\"\/><\/figure>\n<\/div>\n\n\n\n<div class=\"wp-block-column is-layout-flow wp-block-column-is-layout-flow\" style=\"flex-basis:70%\">\n<h2 class=\"wp-block-heading\"><strong>Perfect hydration for your employees with our corporate water dispenser<\/strong><\/h2>\n\n\n\n<p>A water dispenser is the ideal solution for any company that values health and convenience. Hydration is key to the effective functioning of every employee, which is why we offer you the highest quality drinking water at work.<\/p>\n\n\n\n<h2 class=\"wp-block-heading\"><strong>Water for business - Caring for your team<\/strong><\/h2>\n\n\n\n<p>The importance of proper hydration is invaluable. Our corporate water dispenser guarantees access to clean, fresh drinking water at work at all times.<\/p>\n\n\n\n<p>Our water dispenser for your business, not only gives you access to fresh drinking water, you can also use it cold, hot or boiling. The ideal way to prepare quick coffee, tea or even soup. So you can save your employees time and make them more comfortable in the workplace.<\/p>\n\n\n\n<p>Water dispensers are becoming an integral part of any office. They can be easily moved to any location, making access to water even more convenient and quicker. By choosing our water dispenser for companies, you ensure that your employees have access to drinking water at work and enjoy higher efficiency in their operations.<\/p>\n\n\n\n<h2 class=\"wp-block-heading\"><strong>Can a water dispenser be part of employer branding?<\/strong><\/h2>\n\n\n\n<p>Yes! Having modern and environmentally friendly solutions, such as a water dispenser, shows that the company cares about the health and comfort of its employees, which can attract talent.<\/p>\n\n\n\n<h2 class=\"wp-block-heading\"><strong>What if employees have different preferences for water temperature?<\/strong><\/h2>\n\n\n\n<p>Our dispensers allow you to adjust the temperature of the water, offering cold, hot and boiling water options in one unit - there is something for everyone.<\/p>\n<\/div>\n<\/div>","protected":false},"excerpt":{"rendered":"<p>Perfect hydration for your employees with our corporate water dispenser A water dispenser is the ideal solution for any company that values [...]<\/p>","protected":false},"author":10,"featured_media":0,"parent":11274,"menu_order":0,"comment_status":"closed","ping_status":"closed","template":"produkty.php","meta":{"inline_featured_image":false,"footnotes":""},"class_list":["post-11283","page","type-page","status-publish","hentry"],"acf":[],"yoast_head":"<!-- This site is optimized with the Yoast SEO plugin v26.1 - https:\/\/yoast.com\/wordpress\/plugins\/seo\/ -->\n<title>Dystrybutor wody do firm, woda pitna w pracy, firmie - Zdrojownia<\/title>\n<meta name=\"robots\" content=\"index, follow, max-snippet:-1, max-image-preview:large, max-video-preview:-1\" \/>\n<link rel=\"canonical\" href=\"https:\/\/www.zdrojownia.pl\/en\/products\/zaklad-pracy\/\" \/>\n<meta property=\"og:locale\" content=\"en_GB\" \/>\n<meta property=\"og:type\" content=\"article\" \/>\n<meta property=\"og:title\" content=\"Dystrybutor wody do firm, woda pitna w pracy, firmie - Zdrojownia\" \/>\n<meta property=\"og:description\" content=\"Idealne nawodnienie dla Twoich pracownik\u00f3w\u00a0z naszym dystrybutorem wody dla firm Dystrybutor wody to idealne rozwi\u0105zanie dla ka\u017cdej firmy, kt\u00f3ra ceni [&hellip;]\" \/>\n<meta property=\"og:url\" content=\"https:\/\/www.zdrojownia.pl\/en\/products\/zaklad-pracy\/\" \/>\n<meta property=\"og:site_name\" content=\"Zdrojownia\" \/>\n<meta property=\"article:modified_time\" content=\"2025-01-17T10:49:53+00:00\" \/>\n<meta property=\"og:image\" content=\"https:\/\/www.zdrojownia.pl\/wp-content\/uploads\/2024\/04\/Image-19.png\" \/>\n<meta name=\"twitter:card\" content=\"summary_large_image\" \/>\n<meta name=\"twitter:label1\" content=\"Estimated reading time\" \/>\n\t<meta name=\"twitter:data1\" content=\"2 minutes\" \/>\n<script type=\"application\/ld+json\" class=\"yoast-schema-graph\">{\"@context\":\"https:\/\/schema.org\",\"@graph\":[{\"@type\":\"WebPage\",\"@id\":\"https:\/\/www.zdrojownia.pl\/produkty\/zaklad-pracy\/\",\"url\":\"https:\/\/www.zdrojownia.pl\/produkty\/zaklad-pracy\/\",\"name\":\"Dystrybutor wody do firm, woda pitna w pracy, firmie - Zdrojownia\",\"isPartOf\":{\"@id\":\"https:\/\/www.zdrojownia.pl\/#website\"},\"primaryImageOfPage\":{\"@id\":\"https:\/\/www.zdrojownia.pl\/produkty\/zaklad-pracy\/#primaryimage\"},\"image\":{\"@id\":\"https:\/\/www.zdrojownia.pl\/produkty\/zaklad-pracy\/#primaryimage\"},\"thumbnailUrl\":\"https:\/\/www.zdrojownia.pl\/wp-content\/uploads\/2024\/04\/Image-19.png\",\"datePublished\":\"2024-03-25T11:46:23+00:00\",\"dateModified\":\"2025-01-17T10:49:53+00:00\",\"breadcrumb\":{\"@id\":\"https:\/\/www.zdrojownia.pl\/produkty\/zaklad-pracy\/#breadcrumb\"},\"inLanguage\":\"en-GB\",\"potentialAction\":[{\"@type\":\"ReadAction\",\"target\":[\"https:\/\/www.zdrojownia.pl\/produkty\/zaklad-pracy\/\"]}]},{\"@type\":\"ImageObject\",\"inLanguage\":\"en-GB\",\"@id\":\"https:\/\/www.zdrojownia.pl\/produkty\/zaklad-pracy\/#primaryimage\",\"url\":\"https:\/\/www.zdrojownia.pl\/wp-content\/uploads\/2024\/04\/Image-19.png\",\"contentUrl\":\"https:\/\/www.zdrojownia.pl\/wp-content\/uploads\/2024\/04\/Image-19.png\"},{\"@type\":\"BreadcrumbList\",\"@id\":\"https:\/\/www.zdrojownia.pl\/produkty\/zaklad-pracy\/#breadcrumb\",\"itemListElement\":[{\"@type\":\"ListItem\",\"position\":1,\"name\":\"Strona g\u0142\u00f3wna\",\"item\":\"https:\/\/www.zdrojownia.pl\/\"},{\"@type\":\"ListItem\",\"position\":2,\"name\":\"Produkty\",\"item\":\"https:\/\/www.zdrojownia.pl\/produkty\/\"},{\"@type\":\"ListItem\",\"position\":3,\"name\":\"Zak\u0142ady pracy\"}]},{\"@type\":\"WebSite\",\"@id\":\"https:\/\/www.zdrojownia.pl\/#website\",\"url\":\"https:\/\/www.zdrojownia.pl\/\",\"name\":\"Zdrojownia\",\"description\":\"Dystrybutory wody dla szk\u00f3\u0142 sprzeda\u017c, poide\u0142ko w szkole\",\"publisher\":{\"@id\":\"https:\/\/www.zdrojownia.pl\/#organization\"},\"potentialAction\":[{\"@type\":\"SearchAction\",\"target\":{\"@type\":\"EntryPoint\",\"urlTemplate\":\"https:\/\/www.zdrojownia.pl\/?s={search_term_string}\"},\"query-input\":{\"@type\":\"PropertyValueSpecification\",\"valueRequired\":true,\"valueName\":\"search_term_string\"}}],\"inLanguage\":\"en-GB\"},{\"@type\":\"Organization\",\"@id\":\"https:\/\/www.zdrojownia.pl\/#organization\",\"name\":\"Zdrojownia\",\"url\":\"https:\/\/www.zdrojownia.pl\/\",\"logo\":{\"@type\":\"ImageObject\",\"inLanguage\":\"en-GB\",\"@id\":\"https:\/\/www.zdrojownia.pl\/#\/schema\/logo\/image\/\",\"url\":\"https:\/\/www.zdrojownia.pl\/wp-content\/uploads\/2024\/04\/Group-20.png\",\"contentUrl\":\"https:\/\/www.zdrojownia.pl\/wp-content\/uploads\/2024\/04\/Group-20.png\",\"width\":177,\"height\":177,\"caption\":\"Zdrojownia\"},\"image\":{\"@id\":\"https:\/\/www.zdrojownia.pl\/#\/schema\/logo\/image\/\"}}]}<\/script>\n<!-- \/ Yoast SEO plugin. -->","yoast_head_json":{"title":"Water distributor for companies, drinking water at work, company - Zdrojownia","robots":{"index":"index","follow":"follow","max-snippet":"max-snippet:-1","max-image-preview":"max-image-preview:large","max-video-preview":"max-video-preview:-1"},"canonical":"https:\/\/www.zdrojownia.pl\/en\/products\/zaklad-pracy\/","og_locale":"en_GB","og_type":"article","og_title":"Dystrybutor wody do firm, woda pitna w pracy, firmie - Zdrojownia","og_description":"Idealne nawodnienie dla Twoich pracownik\u00f3w\u00a0z naszym dystrybutorem wody dla firm Dystrybutor wody to idealne rozwi\u0105zanie dla ka\u017cdej firmy, kt\u00f3ra ceni [&hellip;]","og_url":"https:\/\/www.zdrojownia.pl\/en\/products\/zaklad-pracy\/","og_site_name":"Zdrojownia","article_modified_time":"2025-01-17T10:49:53+00:00","og_image":[{"url":"https:\/\/www.zdrojownia.pl\/wp-content\/uploads\/2024\/04\/Image-19.png","type":"","width":"","height":""}],"twitter_card":"summary_large_image","twitter_misc":{"Estimated reading time":"2 minutes"},"schema":{"@context":"https:\/\/schema.org","@graph":[{"@type":"WebPage","@id":"https:\/\/www.zdrojownia.pl\/produkty\/zaklad-pracy\/","url":"https:\/\/www.zdrojownia.pl\/produkty\/zaklad-pracy\/","name":"Water distributor for companies, drinking water at work, company - Zdrojownia","isPartOf":{"@id":"https:\/\/www.zdrojownia.pl\/#website"},"primaryImageOfPage":{"@id":"https:\/\/www.zdrojownia.pl\/produkty\/zaklad-pracy\/#primaryimage"},"image":{"@id":"https:\/\/www.zdrojownia.pl\/produkty\/zaklad-pracy\/#primaryimage"},"thumbnailUrl":"https:\/\/www.zdrojownia.pl\/wp-content\/uploads\/2024\/04\/Image-19.png","datePublished":"2024-03-25T11:46:23+00:00","dateModified":"2025-01-17T10:49:53+00:00","breadcrumb":{"@id":"https:\/\/www.zdrojownia.pl\/produkty\/zaklad-pracy\/#breadcrumb"},"inLanguage":"en-GB","potentialAction":[{"@type":"ReadAction","target":["https:\/\/www.zdrojownia.pl\/produkty\/zaklad-pracy\/"]}]},{"@type":"ImageObject","inLanguage":"en-GB","@id":"https:\/\/www.zdrojownia.pl\/produkty\/zaklad-pracy\/#primaryimage","url":"https:\/\/www.zdrojownia.pl\/wp-content\/uploads\/2024\/04\/Image-19.png","contentUrl":"https:\/\/www.zdrojownia.pl\/wp-content\/uploads\/2024\/04\/Image-19.png"},{"@type":"BreadcrumbList","@id":"https:\/\/www.zdrojownia.pl\/produkty\/zaklad-pracy\/#breadcrumb","itemListElement":[{"@type":"ListItem","position":1,"name":"Strona g\u0142\u00f3wna","item":"https:\/\/www.zdrojownia.pl\/"},{"@type":"ListItem","position":2,"name":"Produkty","item":"https:\/\/www.zdrojownia.pl\/produkty\/"},{"@type":"ListItem","position":3,"name":"Zak\u0142ady pracy"}]},{"@type":"WebSite","@id":"https:\/\/www.zdrojownia.pl\/#website","url":"https:\/\/www.zdrojownia.pl\/","name":"Spas","description":"Water dispensers for schools sale, school drinkers","publisher":{"@id":"https:\/\/www.zdrojownia.pl\/#organization"},"potentialAction":[{"@type":"SearchAction","target":{"@type":"EntryPoint","urlTemplate":"https:\/\/www.zdrojownia.pl\/?s={search_term_string}"},"query-input":{"@type":"PropertyValueSpecification","valueRequired":true,"valueName":"search_term_string"}}],"inLanguage":"en-GB"},{"@type":"Organization","@id":"https:\/\/www.zdrojownia.pl\/#organization","name":"Spas","url":"https:\/\/www.zdrojownia.pl\/","logo":{"@type":"ImageObject","inLanguage":"en-GB","@id":"https:\/\/www.zdrojownia.pl\/#\/schema\/logo\/image\/","url":"https:\/\/www.zdrojownia.pl\/wp-content\/uploads\/2024\/04\/Group-20.png","contentUrl":"https:\/\/www.zdrojownia.pl\/wp-content\/uploads\/2024\/04\/Group-20.png","width":177,"height":177,"caption":"Zdrojownia"},"image":{"@id":"https:\/\/www.zdrojownia.pl\/#\/schema\/logo\/image\/"}}]}},"_links":{"self":[{"href":"https:\/\/www.zdrojownia.pl\/en\/wp-json\/wp\/v2\/pages\/11283","targetHints":{"allow":["GET"]}}],"collection":[{"href":"https:\/\/www.zdrojownia.pl\/en\/wp-json\/wp\/v2\/pages"}],"about":[{"href":"https:\/\/www.zdrojownia.pl\/en\/wp-json\/wp\/v2\/types\/page"}],"author":[{"embeddable":true,"href":"https:\/\/www.zdrojownia.pl\/en\/wp-json\/wp\/v2\/users\/10"}],"replies":[{"embeddable":true,"href":"https:\/\/www.zdrojownia.pl\/en\/wp-json\/wp\/v2\/comments?post=11283"}],"version-history":[{"count":3,"href":"https:\/\/www.zdrojownia.pl\/en\/wp-json\/wp\/v2\/pages\/11283\/revisions"}],"predecessor-version":[{"id":13149,"href":"https:\/\/www.zdrojownia.pl\/en\/wp-json\/wp\/v2\/pages\/11283\/revisions\/13149"}],"up":[{"embeddable":true,"href":"https:\/\/www.zdrojownia.pl\/en\/wp-json\/wp\/v2\/pages\/11274"}],"wp:attachment":[{"href":"https:\/\/www.zdrojownia.pl\/en\/wp-json\/wp\/v2\/media?parent=11283"}],"curies":[{"name":"wp","href":"https:\/\/api.w.org\/{rel}","templated":true}]}}