{"id":11282,"date":"2024-03-25T11:46:01","date_gmt":"2024-03-25T11:46:01","guid":{"rendered":"https:\/\/zdrojownia.optimamedia.com.pl\/?page_id=11029"},"modified":"2025-01-17T11:49:19","modified_gmt":"2025-01-17T10:49:19","slug":"biuro","status":"publish","type":"page","link":"https:\/\/www.zdrojownia.pl\/en\/products\/office\/","title":{"rendered":"Offices"},"content":{"rendered":"<div class=\"wp-block-columns is-layout-flex wp-container-core-columns-is-layout-9d6595d7 wp-block-columns-is-layout-flex\">\n<div class=\"wp-block-column is-layout-flow wp-block-column-is-layout-flow\" style=\"flex-basis:30%\">\n<figure class=\"wp-block-image size-full\"><img loading=\"lazy\" decoding=\"async\" width=\"257\" height=\"240\" src=\"https:\/\/www.zdrojownia.pl\/wp-content\/uploads\/2024\/04\/Image-19.png\" alt=\"\" class=\"wp-image-12393\"\/><\/figure>\n<\/div>\n\n\n\n<div class=\"wp-block-column is-layout-flow wp-block-column-is-layout-flow\" style=\"flex-basis:70%\">\n<h2 class=\"wp-block-heading\"><strong>Water dispensers for the office - Providing comfort and freshness!<\/strong><\/h2>\n\n\n\n<h3 class=\"wp-block-heading\"><\/h3>\n\n\n\n<p><strong>Water dispensers for the office<\/strong> is an innovative way to maintain healthy hydration in the workplace. These unique devices easily adapt to the needs of your team, delivering fresh, clean water on demand. In an age where health and wellbeing are at the forefront of priorities, water dispensers for the office are an essential part of any modern workplace.<\/p>\n\n\n\n<h2 class=\"wp-block-heading\"><strong>Convenient, practical and efficient<\/strong><\/h2>\n\n\n\n<p>Our <strong>water dispensers for companies<\/strong> are designed with comfort and efficiency in mind. Thanks to their ease of use, your employees can enjoy fresh, filtered water at any time. Hydration is a key element in maintaining a high level of concentration, which translates into greater productivity.<\/p>\n\n\n\n<p>Always fresh <strong>water for the office<\/strong>, is not only practical, but also a healthy solution. Our water is always fresh, pure and full of minerals, so your team always has access to top quality water.<\/p>\n\n\n\n<h2 class=\"wp-block-heading\"><strong>The ideal solution for every office<\/strong><\/h2>\n\n\n\n<p>Regardless of the size of the office, we have <a href=\"https:\/\/www.zdrojownia.pl\/en\/\">water distributor<\/a>that fits perfectly. Our office water dispensers come in a variety of sizes and configurations, so you're sure to find a model that meets your requirements. We also offer a variety of options that allow you to regulate the temperature of the water for even greater convenience.<\/p>\n\n\n\n<p>Thanks to our distributors, <strong>water in the office<\/strong> is always readily available. They deliver fresh, clean water directly to the workplace. In this way, employees can focus on what matters most - their work.<\/p>\n\n\n\n<p>Inadequate hydration can lead to fatigue, decreased concentration and other health problems. Our water for the office, is guaranteed to provide employees with the highest quality water to help keep them fit.<\/p>\n\n\n\n<h2 class=\"wp-block-heading\"><strong>Water for companies - Ensure the wellbeing of your team<\/strong><\/h2>\n\n\n\n<p><strong>Water for companies<\/strong> is more than just quenching your thirst - it is an investment in the wellbeing of your team. Good hydration is a cornerstone of health and fitness, and therefore efficiency at work. Our dispensers are an investment that will benefit you in many ways, including by increasing productivity and improving the wellbeing of your team. Take care of your employees - invest in a water dispenser for your company!<\/p>\n\n\n\n<h2 class=\"wp-block-heading\"><strong>Can choosing the right distributor affect a company's image?<\/strong><\/h2>\n\n\n\n<p><br>Yes, having an aesthetically pleasing and environmentally friendly dispenser in the office demonstrates the company's concern for employee welfare and the environment. It can have a positive impact on the perception of the company by customers and business partners.<\/p>\n\n\n\n<h2 class=\"wp-block-heading\"><strong>How do water dispensers fit into the company's sustainability strategy?<\/strong><\/h2>\n\n\n\n<p><br>Using water dispensers reduces plastic consumption and CO2 emissions associated with transporting bottled water. It is a green solution that supports the company's responsible approach to the environment and can be part of a CSR strategy.<\/p>\n<\/div>\n<\/div>","protected":false},"excerpt":{"rendered":"<p>Water dispensers for the office - Providing comfort and freshness! Water dispensers for the office are an innovative way to stay healthily hydrated [...]<\/p>","protected":false},"author":10,"featured_media":0,"parent":11274,"menu_order":0,"comment_status":"closed","ping_status":"closed","template":"produkty.php","meta":{"inline_featured_image":false,"footnotes":""},"class_list":["post-11282","page","type-page","status-publish","hentry"],"acf":[],"yoast_head":"<!-- This site is optimized with the Yoast SEO plugin v26.1 - https:\/\/yoast.com\/wordpress\/plugins\/seo\/ -->\n<title>Dystrybutory wody do biura, firm, woda w biurze - Zdrojownia<\/title>\n<meta name=\"robots\" content=\"index, follow, max-snippet:-1, max-image-preview:large, max-video-preview:-1\" \/>\n<link rel=\"canonical\" href=\"https:\/\/www.zdrojownia.pl\/en\/products\/office\/\" \/>\n<meta property=\"og:locale\" content=\"en_GB\" \/>\n<meta property=\"og:type\" content=\"article\" \/>\n<meta property=\"og:title\" content=\"Dystrybutory wody do biura, firm, woda w biurze - Zdrojownia\" \/>\n<meta property=\"og:description\" content=\"Dystrybutory wody dla biura \u2013 Zapewniamy komfort i \u015bwie\u017co\u015b\u0107! Dystrybutory wody dla biura to innowacyjny spos\u00f3b na utrzymanie zdrowego nawodnienia [&hellip;]\" \/>\n<meta property=\"og:url\" content=\"https:\/\/www.zdrojownia.pl\/en\/products\/office\/\" \/>\n<meta property=\"og:site_name\" content=\"Zdrojownia\" \/>\n<meta property=\"article:modified_time\" content=\"2025-01-17T10:49:19+00:00\" \/>\n<meta property=\"og:image\" content=\"https:\/\/www.zdrojownia.pl\/wp-content\/uploads\/2024\/04\/Image-19.png\" \/>\n<meta name=\"twitter:card\" content=\"summary_large_image\" \/>\n<meta name=\"twitter:label1\" content=\"Estimated reading time\" \/>\n\t<meta name=\"twitter:data1\" content=\"3 minutes\" \/>\n<script type=\"application\/ld+json\" class=\"yoast-schema-graph\">{\"@context\":\"https:\/\/schema.org\",\"@graph\":[{\"@type\":\"WebPage\",\"@id\":\"https:\/\/www.zdrojownia.pl\/produkty\/biuro\/\",\"url\":\"https:\/\/www.zdrojownia.pl\/produkty\/biuro\/\",\"name\":\"Dystrybutory wody do biura, firm, woda w biurze - Zdrojownia\",\"isPartOf\":{\"@id\":\"https:\/\/www.zdrojownia.pl\/#website\"},\"primaryImageOfPage\":{\"@id\":\"https:\/\/www.zdrojownia.pl\/produkty\/biuro\/#primaryimage\"},\"image\":{\"@id\":\"https:\/\/www.zdrojownia.pl\/produkty\/biuro\/#primaryimage\"},\"thumbnailUrl\":\"https:\/\/www.zdrojownia.pl\/wp-content\/uploads\/2024\/04\/Image-19.png\",\"datePublished\":\"2024-03-25T11:46:01+00:00\",\"dateModified\":\"2025-01-17T10:49:19+00:00\",\"breadcrumb\":{\"@id\":\"https:\/\/www.zdrojownia.pl\/produkty\/biuro\/#breadcrumb\"},\"inLanguage\":\"en-GB\",\"potentialAction\":[{\"@type\":\"ReadAction\",\"target\":[\"https:\/\/www.zdrojownia.pl\/produkty\/biuro\/\"]}]},{\"@type\":\"ImageObject\",\"inLanguage\":\"en-GB\",\"@id\":\"https:\/\/www.zdrojownia.pl\/produkty\/biuro\/#primaryimage\",\"url\":\"https:\/\/www.zdrojownia.pl\/wp-content\/uploads\/2024\/04\/Image-19.png\",\"contentUrl\":\"https:\/\/www.zdrojownia.pl\/wp-content\/uploads\/2024\/04\/Image-19.png\"},{\"@type\":\"BreadcrumbList\",\"@id\":\"https:\/\/www.zdrojownia.pl\/produkty\/biuro\/#breadcrumb\",\"itemListElement\":[{\"@type\":\"ListItem\",\"position\":1,\"name\":\"Strona g\u0142\u00f3wna\",\"item\":\"https:\/\/www.zdrojownia.pl\/\"},{\"@type\":\"ListItem\",\"position\":2,\"name\":\"Produkty\",\"item\":\"https:\/\/www.zdrojownia.pl\/produkty\/\"},{\"@type\":\"ListItem\",\"position\":3,\"name\":\"Biura\"}]},{\"@type\":\"WebSite\",\"@id\":\"https:\/\/www.zdrojownia.pl\/#website\",\"url\":\"https:\/\/www.zdrojownia.pl\/\",\"name\":\"Zdrojownia\",\"description\":\"Dystrybutory wody dla szk\u00f3\u0142 sprzeda\u017c, poide\u0142ko w szkole\",\"publisher\":{\"@id\":\"https:\/\/www.zdrojownia.pl\/#organization\"},\"potentialAction\":[{\"@type\":\"SearchAction\",\"target\":{\"@type\":\"EntryPoint\",\"urlTemplate\":\"https:\/\/www.zdrojownia.pl\/?s={search_term_string}\"},\"query-input\":{\"@type\":\"PropertyValueSpecification\",\"valueRequired\":true,\"valueName\":\"search_term_string\"}}],\"inLanguage\":\"en-GB\"},{\"@type\":\"Organization\",\"@id\":\"https:\/\/www.zdrojownia.pl\/#organization\",\"name\":\"Zdrojownia\",\"url\":\"https:\/\/www.zdrojownia.pl\/\",\"logo\":{\"@type\":\"ImageObject\",\"inLanguage\":\"en-GB\",\"@id\":\"https:\/\/www.zdrojownia.pl\/#\/schema\/logo\/image\/\",\"url\":\"https:\/\/www.zdrojownia.pl\/wp-content\/uploads\/2024\/04\/Group-20.png\",\"contentUrl\":\"https:\/\/www.zdrojownia.pl\/wp-content\/uploads\/2024\/04\/Group-20.png\",\"width\":177,\"height\":177,\"caption\":\"Zdrojownia\"},\"image\":{\"@id\":\"https:\/\/www.zdrojownia.pl\/#\/schema\/logo\/image\/\"}}]}<\/script>\n<!-- \/ Yoast SEO plugin. -->","yoast_head_json":{"title":"Water dispensers for the office, companies, water in the office - Sprinkler House","robots":{"index":"index","follow":"follow","max-snippet":"max-snippet:-1","max-image-preview":"max-image-preview:large","max-video-preview":"max-video-preview:-1"},"canonical":"https:\/\/www.zdrojownia.pl\/en\/products\/office\/","og_locale":"en_GB","og_type":"article","og_title":"Dystrybutory wody do biura, firm, woda w biurze - Zdrojownia","og_description":"Dystrybutory wody dla biura \u2013 Zapewniamy komfort i \u015bwie\u017co\u015b\u0107! Dystrybutory wody dla biura to innowacyjny spos\u00f3b na utrzymanie zdrowego nawodnienia [&hellip;]","og_url":"https:\/\/www.zdrojownia.pl\/en\/products\/office\/","og_site_name":"Zdrojownia","article_modified_time":"2025-01-17T10:49:19+00:00","og_image":[{"url":"https:\/\/www.zdrojownia.pl\/wp-content\/uploads\/2024\/04\/Image-19.png","type":"","width":"","height":""}],"twitter_card":"summary_large_image","twitter_misc":{"Estimated reading time":"3 minutes"},"schema":{"@context":"https:\/\/schema.org","@graph":[{"@type":"WebPage","@id":"https:\/\/www.zdrojownia.pl\/produkty\/biuro\/","url":"https:\/\/www.zdrojownia.pl\/produkty\/biuro\/","name":"Water dispensers for the office, companies, water in the office - Sprinkler House","isPartOf":{"@id":"https:\/\/www.zdrojownia.pl\/#website"},"primaryImageOfPage":{"@id":"https:\/\/www.zdrojownia.pl\/produkty\/biuro\/#primaryimage"},"image":{"@id":"https:\/\/www.zdrojownia.pl\/produkty\/biuro\/#primaryimage"},"thumbnailUrl":"https:\/\/www.zdrojownia.pl\/wp-content\/uploads\/2024\/04\/Image-19.png","datePublished":"2024-03-25T11:46:01+00:00","dateModified":"2025-01-17T10:49:19+00:00","breadcrumb":{"@id":"https:\/\/www.zdrojownia.pl\/produkty\/biuro\/#breadcrumb"},"inLanguage":"en-GB","potentialAction":[{"@type":"ReadAction","target":["https:\/\/www.zdrojownia.pl\/produkty\/biuro\/"]}]},{"@type":"ImageObject","inLanguage":"en-GB","@id":"https:\/\/www.zdrojownia.pl\/produkty\/biuro\/#primaryimage","url":"https:\/\/www.zdrojownia.pl\/wp-content\/uploads\/2024\/04\/Image-19.png","contentUrl":"https:\/\/www.zdrojownia.pl\/wp-content\/uploads\/2024\/04\/Image-19.png"},{"@type":"BreadcrumbList","@id":"https:\/\/www.zdrojownia.pl\/produkty\/biuro\/#breadcrumb","itemListElement":[{"@type":"ListItem","position":1,"name":"Strona g\u0142\u00f3wna","item":"https:\/\/www.zdrojownia.pl\/"},{"@type":"ListItem","position":2,"name":"Produkty","item":"https:\/\/www.zdrojownia.pl\/produkty\/"},{"@type":"ListItem","position":3,"name":"Biura"}]},{"@type":"WebSite","@id":"https:\/\/www.zdrojownia.pl\/#website","url":"https:\/\/www.zdrojownia.pl\/","name":"Spas","description":"Water dispensers for schools sale, school drinkers","publisher":{"@id":"https:\/\/www.zdrojownia.pl\/#organization"},"potentialAction":[{"@type":"SearchAction","target":{"@type":"EntryPoint","urlTemplate":"https:\/\/www.zdrojownia.pl\/?s={search_term_string}"},"query-input":{"@type":"PropertyValueSpecification","valueRequired":true,"valueName":"search_term_string"}}],"inLanguage":"en-GB"},{"@type":"Organization","@id":"https:\/\/www.zdrojownia.pl\/#organization","name":"Spas","url":"https:\/\/www.zdrojownia.pl\/","logo":{"@type":"ImageObject","inLanguage":"en-GB","@id":"https:\/\/www.zdrojownia.pl\/#\/schema\/logo\/image\/","url":"https:\/\/www.zdrojownia.pl\/wp-content\/uploads\/2024\/04\/Group-20.png","contentUrl":"https:\/\/www.zdrojownia.pl\/wp-content\/uploads\/2024\/04\/Group-20.png","width":177,"height":177,"caption":"Zdrojownia"},"image":{"@id":"https:\/\/www.zdrojownia.pl\/#\/schema\/logo\/image\/"}}]}},"_links":{"self":[{"href":"https:\/\/www.zdrojownia.pl\/en\/wp-json\/wp\/v2\/pages\/11282","targetHints":{"allow":["GET"]}}],"collection":[{"href":"https:\/\/www.zdrojownia.pl\/en\/wp-json\/wp\/v2\/pages"}],"about":[{"href":"https:\/\/www.zdrojownia.pl\/en\/wp-json\/wp\/v2\/types\/page"}],"author":[{"embeddable":true,"href":"https:\/\/www.zdrojownia.pl\/en\/wp-json\/wp\/v2\/users\/10"}],"replies":[{"embeddable":true,"href":"https:\/\/www.zdrojownia.pl\/en\/wp-json\/wp\/v2\/comments?post=11282"}],"version-history":[{"count":4,"href":"https:\/\/www.zdrojownia.pl\/en\/wp-json\/wp\/v2\/pages\/11282\/revisions"}],"predecessor-version":[{"id":13148,"href":"https:\/\/www.zdrojownia.pl\/en\/wp-json\/wp\/v2\/pages\/11282\/revisions\/13148"}],"up":[{"embeddable":true,"href":"https:\/\/www.zdrojownia.pl\/en\/wp-json\/wp\/v2\/pages\/11274"}],"wp:attachment":[{"href":"https:\/\/www.zdrojownia.pl\/en\/wp-json\/wp\/v2\/media?parent=11282"}],"curies":[{"name":"wp","href":"https:\/\/api.w.org\/{rel}","templated":true}]}}