{"id":11281,"date":"2024-03-25T11:45:38","date_gmt":"2024-03-25T11:45:38","guid":{"rendered":"https:\/\/zdrojownia.optimamedia.com.pl\/?page_id=11026"},"modified":"2025-01-20T08:18:46","modified_gmt":"2025-01-20T07:18:46","slug":"urzad","status":"publish","type":"page","link":"https:\/\/www.zdrojownia.pl\/en\/products\/office-2\/","title":{"rendered":"Offices"},"content":{"rendered":"<div class=\"wp-block-columns is-layout-flex wp-container-core-columns-is-layout-9d6595d7 wp-block-columns-is-layout-flex\">\n<div class=\"wp-block-column is-layout-flow wp-block-column-is-layout-flow\" style=\"flex-basis:30%\">\n<figure class=\"wp-block-image size-full\"><img loading=\"lazy\" decoding=\"async\" width=\"257\" height=\"240\" src=\"https:\/\/www.zdrojownia.pl\/wp-content\/uploads\/2024\/04\/Image-19.png\" alt=\"\" class=\"wp-image-12393\"\/><\/figure>\n<\/div>\n\n\n\n<div class=\"wp-block-column is-layout-flow wp-block-column-is-layout-flow\" style=\"flex-basis:70%\">\n<h2 class=\"wp-block-heading\">Water distributors in the office<\/h2>\n\n\n\n<p>Water spas are a cheap and simple way to improve the quality of life for residents. Optimal levels of hydration mean better wellbeing, more energy for life, stress reduction and better concentration on work or study. Access to drinking water should therefore be free and available anywhere (especially in public spaces, both outdoor and indoor) and at any time. This can be made possible by water fountains, which make it possible to use mains drinking water in a safe and hygienic way. Water fountains are an economical and ecological alternative to bottled water.<\/p>\n\n\n\n<h2 class=\"wp-block-heading\"><strong>High-quality drinking water dispensers for municipalities and authorities<\/strong><\/h2>\n\n\n\n<p>Our range includes products for both outdoor and indoor installation. We offer designer models, perfectly suited to very modern settings, as well as classic ones, ideal for picturesque boulevards or city squares. They ensure a constant and comfortable flow of water and are both practical and aesthetically pleasing - attractive and invaluable additions to any setting.<\/p>\n\n\n\n<h2 class=\"wp-block-heading\"><strong>Springs for the 12th century<\/strong><\/h2>\n\n\n\n<p>The high-quality dispensers we offer are not only highly hygienic and safe, but also functional. Each dispenser is easy to install and operate, and their compact and steel construction makes them additionally very durable and resistant to stains, corrosion and other damage. Our services have already been used by a large number of municipalities and authorities from all over Poland. You too can provide all your residents and guests with a drinking water spring, place your order today!<\/p>\n\n\n\n<h2 class=\"wp-block-heading\"><strong>How do water dispensers support the fight against resource wastage?<\/strong><\/h2>\n\n\n\n<p>The water wells allow the use of the local water supply, eliminating the need to bottle, transport and store water. In this way, the authority not only reduces operating costs, but also actively reduces its carbon footprint and plastic waste, supporting sustainability.<\/p>\n\n\n\n<h2 class=\"wp-block-heading\"><strong>Can water dispensers work in high-traffic areas?<\/strong><\/h2>\n\n\n\n<p>Yes, our units are designed to withstand heavy use, making them ideal for locations with a large number of people every day. Their design and performance ensure a constant supply of water even in the busiest locations.<\/p>\n\n\n\n<h2 class=\"wp-block-heading\"><strong>Does the investment in water dispensers pay off in the long term?<\/strong><\/h2>\n\n\n\n<p>Yes, installing water sprinklers saves on the purchase and disposal of bottled water and reduces waste costs. In addition, the durability of the equipment and its low running costs make it a worthwhile investment for many years.<\/p>\n<\/div>\n<\/div>","protected":false},"excerpt":{"rendered":"<p>Water dispensers in the office Water springs are a cheap and simple way to improve the quality of life for residents. Optimum hydration levels [...]<\/p>","protected":false},"author":10,"featured_media":0,"parent":11274,"menu_order":0,"comment_status":"closed","ping_status":"closed","template":"produkty.php","meta":{"inline_featured_image":false,"footnotes":""},"class_list":["post-11281","page","type-page","status-publish","hentry"],"acf":[],"yoast_head":"<!-- This site is optimized with the Yoast SEO plugin v26.1 - https:\/\/yoast.com\/wordpress\/plugins\/seo\/ -->\n<title>\u0179r\u00f3de\u0142ka i dystrybutor wody kranowej, zamg\u0142awiacze, prysznice zewn\u0119trznej, hydranty miejskie - Dla gmin i urz\u0105d\u00f3w - Zdrojownia<\/title>\n<meta name=\"robots\" content=\"index, follow, max-snippet:-1, max-image-preview:large, max-video-preview:-1\" \/>\n<link rel=\"canonical\" href=\"https:\/\/www.zdrojownia.pl\/en\/products\/office-2\/\" \/>\n<meta property=\"og:locale\" content=\"en_GB\" \/>\n<meta property=\"og:type\" content=\"article\" \/>\n<meta property=\"og:title\" content=\"\u0179r\u00f3de\u0142ka i dystrybutor wody kranowej, zamg\u0142awiacze, prysznice zewn\u0119trznej, hydranty miejskie - Dla gmin i urz\u0105d\u00f3w - Zdrojownia\" \/>\n<meta property=\"og:description\" content=\"Dystrybutory wody w urz\u0119dzie Zdroje wodne to tani i prosty spos\u00f3b na poprawienie jako\u015bci \u017cycia mieszka\u0144c\u00f3w. Optymalny poziom nawodnienia organizmu [&hellip;]\" \/>\n<meta property=\"og:url\" content=\"https:\/\/www.zdrojownia.pl\/en\/products\/office-2\/\" \/>\n<meta property=\"og:site_name\" content=\"Zdrojownia\" \/>\n<meta property=\"article:modified_time\" content=\"2025-01-20T07:18:46+00:00\" \/>\n<meta property=\"og:image\" content=\"https:\/\/www.zdrojownia.pl\/wp-content\/uploads\/2024\/04\/Image-19.png\" \/>\n<meta name=\"twitter:card\" content=\"summary_large_image\" \/>\n<meta name=\"twitter:label1\" content=\"Estimated reading time\" \/>\n\t<meta name=\"twitter:data1\" content=\"3 minutes\" \/>\n<script type=\"application\/ld+json\" class=\"yoast-schema-graph\">{\"@context\":\"https:\/\/schema.org\",\"@graph\":[{\"@type\":\"WebPage\",\"@id\":\"https:\/\/www.zdrojownia.pl\/produkty\/urzad\/\",\"url\":\"https:\/\/www.zdrojownia.pl\/produkty\/urzad\/\",\"name\":\"\u0179r\u00f3de\u0142ka i dystrybutor wody kranowej, zamg\u0142awiacze, prysznice zewn\u0119trznej, hydranty miejskie - Dla gmin i urz\u0105d\u00f3w - Zdrojownia\",\"isPartOf\":{\"@id\":\"https:\/\/www.zdrojownia.pl\/#website\"},\"primaryImageOfPage\":{\"@id\":\"https:\/\/www.zdrojownia.pl\/produkty\/urzad\/#primaryimage\"},\"image\":{\"@id\":\"https:\/\/www.zdrojownia.pl\/produkty\/urzad\/#primaryimage\"},\"thumbnailUrl\":\"https:\/\/www.zdrojownia.pl\/wp-content\/uploads\/2024\/04\/Image-19.png\",\"datePublished\":\"2024-03-25T11:45:38+00:00\",\"dateModified\":\"2025-01-20T07:18:46+00:00\",\"breadcrumb\":{\"@id\":\"https:\/\/www.zdrojownia.pl\/produkty\/urzad\/#breadcrumb\"},\"inLanguage\":\"en-GB\",\"potentialAction\":[{\"@type\":\"ReadAction\",\"target\":[\"https:\/\/www.zdrojownia.pl\/produkty\/urzad\/\"]}]},{\"@type\":\"ImageObject\",\"inLanguage\":\"en-GB\",\"@id\":\"https:\/\/www.zdrojownia.pl\/produkty\/urzad\/#primaryimage\",\"url\":\"https:\/\/www.zdrojownia.pl\/wp-content\/uploads\/2024\/04\/Image-19.png\",\"contentUrl\":\"https:\/\/www.zdrojownia.pl\/wp-content\/uploads\/2024\/04\/Image-19.png\"},{\"@type\":\"BreadcrumbList\",\"@id\":\"https:\/\/www.zdrojownia.pl\/produkty\/urzad\/#breadcrumb\",\"itemListElement\":[{\"@type\":\"ListItem\",\"position\":1,\"name\":\"Strona g\u0142\u00f3wna\",\"item\":\"https:\/\/www.zdrojownia.pl\/\"},{\"@type\":\"ListItem\",\"position\":2,\"name\":\"Produkty\",\"item\":\"https:\/\/www.zdrojownia.pl\/produkty\/\"},{\"@type\":\"ListItem\",\"position\":3,\"name\":\"Urz\u0119dy\"}]},{\"@type\":\"WebSite\",\"@id\":\"https:\/\/www.zdrojownia.pl\/#website\",\"url\":\"https:\/\/www.zdrojownia.pl\/\",\"name\":\"Zdrojownia\",\"description\":\"Dystrybutory wody dla szk\u00f3\u0142 sprzeda\u017c, poide\u0142ko w szkole\",\"publisher\":{\"@id\":\"https:\/\/www.zdrojownia.pl\/#organization\"},\"potentialAction\":[{\"@type\":\"SearchAction\",\"target\":{\"@type\":\"EntryPoint\",\"urlTemplate\":\"https:\/\/www.zdrojownia.pl\/?s={search_term_string}\"},\"query-input\":{\"@type\":\"PropertyValueSpecification\",\"valueRequired\":true,\"valueName\":\"search_term_string\"}}],\"inLanguage\":\"en-GB\"},{\"@type\":\"Organization\",\"@id\":\"https:\/\/www.zdrojownia.pl\/#organization\",\"name\":\"Zdrojownia\",\"url\":\"https:\/\/www.zdrojownia.pl\/\",\"logo\":{\"@type\":\"ImageObject\",\"inLanguage\":\"en-GB\",\"@id\":\"https:\/\/www.zdrojownia.pl\/#\/schema\/logo\/image\/\",\"url\":\"https:\/\/www.zdrojownia.pl\/wp-content\/uploads\/2024\/04\/Group-20.png\",\"contentUrl\":\"https:\/\/www.zdrojownia.pl\/wp-content\/uploads\/2024\/04\/Group-20.png\",\"width\":177,\"height\":177,\"caption\":\"Zdrojownia\"},\"image\":{\"@id\":\"https:\/\/www.zdrojownia.pl\/#\/schema\/logo\/image\/\"}}]}<\/script>\n<!-- \/ Yoast SEO plugin. -->","yoast_head_json":{"title":"Tap water sources and distributors, foggers, outdoor showers, municipal hydrants - For municipalities and authorities - Spas","robots":{"index":"index","follow":"follow","max-snippet":"max-snippet:-1","max-image-preview":"max-image-preview:large","max-video-preview":"max-video-preview:-1"},"canonical":"https:\/\/www.zdrojownia.pl\/en\/products\/office-2\/","og_locale":"en_GB","og_type":"article","og_title":"\u0179r\u00f3de\u0142ka i dystrybutor wody kranowej, zamg\u0142awiacze, prysznice zewn\u0119trznej, hydranty miejskie - Dla gmin i urz\u0105d\u00f3w - Zdrojownia","og_description":"Dystrybutory wody w urz\u0119dzie Zdroje wodne to tani i prosty spos\u00f3b na poprawienie jako\u015bci \u017cycia mieszka\u0144c\u00f3w. Optymalny poziom nawodnienia organizmu [&hellip;]","og_url":"https:\/\/www.zdrojownia.pl\/en\/products\/office-2\/","og_site_name":"Zdrojownia","article_modified_time":"2025-01-20T07:18:46+00:00","og_image":[{"url":"https:\/\/www.zdrojownia.pl\/wp-content\/uploads\/2024\/04\/Image-19.png","type":"","width":"","height":""}],"twitter_card":"summary_large_image","twitter_misc":{"Estimated reading time":"3 minutes"},"schema":{"@context":"https:\/\/schema.org","@graph":[{"@type":"WebPage","@id":"https:\/\/www.zdrojownia.pl\/produkty\/urzad\/","url":"https:\/\/www.zdrojownia.pl\/produkty\/urzad\/","name":"Tap water sources and distributors, foggers, outdoor showers, municipal hydrants - For municipalities and authorities - Spas","isPartOf":{"@id":"https:\/\/www.zdrojownia.pl\/#website"},"primaryImageOfPage":{"@id":"https:\/\/www.zdrojownia.pl\/produkty\/urzad\/#primaryimage"},"image":{"@id":"https:\/\/www.zdrojownia.pl\/produkty\/urzad\/#primaryimage"},"thumbnailUrl":"https:\/\/www.zdrojownia.pl\/wp-content\/uploads\/2024\/04\/Image-19.png","datePublished":"2024-03-25T11:45:38+00:00","dateModified":"2025-01-20T07:18:46+00:00","breadcrumb":{"@id":"https:\/\/www.zdrojownia.pl\/produkty\/urzad\/#breadcrumb"},"inLanguage":"en-GB","potentialAction":[{"@type":"ReadAction","target":["https:\/\/www.zdrojownia.pl\/produkty\/urzad\/"]}]},{"@type":"ImageObject","inLanguage":"en-GB","@id":"https:\/\/www.zdrojownia.pl\/produkty\/urzad\/#primaryimage","url":"https:\/\/www.zdrojownia.pl\/wp-content\/uploads\/2024\/04\/Image-19.png","contentUrl":"https:\/\/www.zdrojownia.pl\/wp-content\/uploads\/2024\/04\/Image-19.png"},{"@type":"BreadcrumbList","@id":"https:\/\/www.zdrojownia.pl\/produkty\/urzad\/#breadcrumb","itemListElement":[{"@type":"ListItem","position":1,"name":"Strona g\u0142\u00f3wna","item":"https:\/\/www.zdrojownia.pl\/"},{"@type":"ListItem","position":2,"name":"Produkty","item":"https:\/\/www.zdrojownia.pl\/produkty\/"},{"@type":"ListItem","position":3,"name":"Urz\u0119dy"}]},{"@type":"WebSite","@id":"https:\/\/www.zdrojownia.pl\/#website","url":"https:\/\/www.zdrojownia.pl\/","name":"Spas","description":"Water dispensers for schools sale, school drinkers","publisher":{"@id":"https:\/\/www.zdrojownia.pl\/#organization"},"potentialAction":[{"@type":"SearchAction","target":{"@type":"EntryPoint","urlTemplate":"https:\/\/www.zdrojownia.pl\/?s={search_term_string}"},"query-input":{"@type":"PropertyValueSpecification","valueRequired":true,"valueName":"search_term_string"}}],"inLanguage":"en-GB"},{"@type":"Organization","@id":"https:\/\/www.zdrojownia.pl\/#organization","name":"Spas","url":"https:\/\/www.zdrojownia.pl\/","logo":{"@type":"ImageObject","inLanguage":"en-GB","@id":"https:\/\/www.zdrojownia.pl\/#\/schema\/logo\/image\/","url":"https:\/\/www.zdrojownia.pl\/wp-content\/uploads\/2024\/04\/Group-20.png","contentUrl":"https:\/\/www.zdrojownia.pl\/wp-content\/uploads\/2024\/04\/Group-20.png","width":177,"height":177,"caption":"Zdrojownia"},"image":{"@id":"https:\/\/www.zdrojownia.pl\/#\/schema\/logo\/image\/"}}]}},"_links":{"self":[{"href":"https:\/\/www.zdrojownia.pl\/en\/wp-json\/wp\/v2\/pages\/11281","targetHints":{"allow":["GET"]}}],"collection":[{"href":"https:\/\/www.zdrojownia.pl\/en\/wp-json\/wp\/v2\/pages"}],"about":[{"href":"https:\/\/www.zdrojownia.pl\/en\/wp-json\/wp\/v2\/types\/page"}],"author":[{"embeddable":true,"href":"https:\/\/www.zdrojownia.pl\/en\/wp-json\/wp\/v2\/users\/10"}],"replies":[{"embeddable":true,"href":"https:\/\/www.zdrojownia.pl\/en\/wp-json\/wp\/v2\/comments?post=11281"}],"version-history":[{"count":5,"href":"https:\/\/www.zdrojownia.pl\/en\/wp-json\/wp\/v2\/pages\/11281\/revisions"}],"predecessor-version":[{"id":13179,"href":"https:\/\/www.zdrojownia.pl\/en\/wp-json\/wp\/v2\/pages\/11281\/revisions\/13179"}],"up":[{"embeddable":true,"href":"https:\/\/www.zdrojownia.pl\/en\/wp-json\/wp\/v2\/pages\/11274"}],"wp:attachment":[{"href":"https:\/\/www.zdrojownia.pl\/en\/wp-json\/wp\/v2\/media?parent=11281"}],"curies":[{"name":"wp","href":"https:\/\/api.w.org\/{rel}","templated":true}]}}