{"id":11279,"date":"2024-03-25T08:33:21","date_gmt":"2024-03-25T08:33:21","guid":{"rendered":"https:\/\/zdrojownia.optimamedia.com.pl\/?page_id=11011"},"modified":"2025-01-17T11:48:39","modified_gmt":"2025-01-17T10:48:39","slug":"wodociag","status":"publish","type":"page","link":"https:\/\/www.zdrojownia.pl\/en\/products\/water-supply\/","title":{"rendered":"Waterworks"},"content":{"rendered":"<div class=\"wp-block-columns is-layout-flex wp-container-core-columns-is-layout-9d6595d7 wp-block-columns-is-layout-flex\">\n<div class=\"wp-block-column is-layout-flow wp-block-column-is-layout-flow\" style=\"flex-basis:30%\">\n<figure class=\"wp-block-image size-full\"><img loading=\"lazy\" decoding=\"async\" width=\"257\" height=\"240\" src=\"https:\/\/www.zdrojownia.pl\/wp-content\/uploads\/2024\/04\/Image-19.png\" alt=\"\" class=\"wp-image-12393\"\/><\/figure>\n<\/div>\n\n\n\n<div class=\"wp-block-column is-layout-flow wp-block-column-is-layout-flow\" style=\"flex-basis:70%\">\n<h2 class=\"wp-block-heading\">Your water for your employees and visitors<\/h2>\n\n\n\n<p>Whether you're an individual or a business, our tap water dispensers are an essential part of any home or workplace. Delivering fresh, filtered water straight from the tap, offering health, convenience and savings.<\/p>\n\n\n\n<h2 class=\"wp-block-heading\"><strong>Unrivalled performance<\/strong><\/h2>\n\n\n\n<p>Our tap water dispensers are much more than just a stylish addition to your home or office. All models are equipped with advanced filtration systems to ensure safe and pure water.<\/p>\n\n\n\n<p>It is perfect in the kitchen for cooking and also in the office for preparing hot drinks or cold water for meetings.<\/p>\n\n\n\n<p>A tap water dispenser is an investment that more than pays for itself. Not only do you save on the purchase of water bottles, but you also provide the convenience of constant access to fresh water.<\/p>\n\n\n\n<p>Take care of yourself! Our tap water dispensers help to keep your body properly hydrated as recommended. All while maintaining the highest quality standards.<\/p>\n\n\n\n<h2 class=\"wp-block-heading\">What are the technical requirements for installing a tap water dispenser?<\/h2>\n\n\n\n<p> The tap water dispenser requires only a connection to the water supply and an electrical outlet in the case of models with a water heating or cooling function.<\/p>\n\n\n\n<h2 class=\"wp-block-heading\">Are tap water dispensers environmentally friendly?<\/h2>\n\n\n\n<p>Yes, using tap water dispensers significantly reduces the amount of plastic waste and emissions associated with the production and transport of bottled water, making it an environmentally friendly solution.<\/p>\n\n\n\n<h2 class=\"wp-block-heading\"> What volume of water per day can the dispenser handle?<\/h2>\n\n\n\n<p>Capacity depends on the model, but most dispensers handle tens to hundreds of litres of filtered water per day.<\/p>\n<\/div>\n<\/div>","protected":false},"excerpt":{"rendered":"<p>Your water for your employees and guests Whether you are an individual user or a business, our dispensers [...]<\/p>","protected":false},"author":10,"featured_media":0,"parent":11274,"menu_order":0,"comment_status":"closed","ping_status":"closed","template":"produkty.php","meta":{"inline_featured_image":false,"footnotes":""},"class_list":["post-11279","page","type-page","status-publish","hentry"],"acf":[],"yoast_head":"<!-- This site is optimized with the Yoast SEO plugin v26.1 - https:\/\/yoast.com\/wordpress\/plugins\/seo\/ -->\n<title>Dystrybutory, \u017ar\u00f3de\u0142ka, stacje wody kranowej, hydranty ozdobne - Zdrojownia<\/title>\n<meta name=\"robots\" content=\"index, follow, max-snippet:-1, max-image-preview:large, max-video-preview:-1\" \/>\n<link rel=\"canonical\" href=\"https:\/\/www.zdrojownia.pl\/en\/products\/water-supply\/\" \/>\n<meta property=\"og:locale\" content=\"en_GB\" \/>\n<meta property=\"og:type\" content=\"article\" \/>\n<meta property=\"og:title\" content=\"Dystrybutory, \u017ar\u00f3de\u0142ka, stacje wody kranowej, hydranty ozdobne - Zdrojownia\" \/>\n<meta property=\"og:description\" content=\"Twoja woda dla Twoich pracownik\u00f3w oraz go\u015bci Niezale\u017cnie od tego, czy jeste\u015b indywidualnym u\u017cytkownikiem, czy prowadzisz dzia\u0142alno\u015b\u0107 gospodarcz\u0105, nasze dystrybutory [&hellip;]\" \/>\n<meta property=\"og:url\" content=\"https:\/\/www.zdrojownia.pl\/en\/products\/water-supply\/\" \/>\n<meta property=\"og:site_name\" content=\"Zdrojownia\" \/>\n<meta property=\"article:modified_time\" content=\"2025-01-17T10:48:39+00:00\" \/>\n<meta property=\"og:image\" content=\"https:\/\/www.zdrojownia.pl\/wp-content\/uploads\/2024\/04\/Image-19.png\" \/>\n<meta name=\"twitter:card\" content=\"summary_large_image\" \/>\n<meta name=\"twitter:label1\" content=\"Estimated reading time\" \/>\n\t<meta name=\"twitter:data1\" content=\"2 minutes\" \/>\n<script type=\"application\/ld+json\" class=\"yoast-schema-graph\">{\"@context\":\"https:\/\/schema.org\",\"@graph\":[{\"@type\":\"WebPage\",\"@id\":\"https:\/\/www.zdrojownia.pl\/produkty\/wodociag\/\",\"url\":\"https:\/\/www.zdrojownia.pl\/produkty\/wodociag\/\",\"name\":\"Dystrybutory, \u017ar\u00f3de\u0142ka, stacje wody kranowej, hydranty ozdobne - Zdrojownia\",\"isPartOf\":{\"@id\":\"https:\/\/www.zdrojownia.pl\/#website\"},\"primaryImageOfPage\":{\"@id\":\"https:\/\/www.zdrojownia.pl\/produkty\/wodociag\/#primaryimage\"},\"image\":{\"@id\":\"https:\/\/www.zdrojownia.pl\/produkty\/wodociag\/#primaryimage\"},\"thumbnailUrl\":\"https:\/\/www.zdrojownia.pl\/wp-content\/uploads\/2024\/04\/Image-19.png\",\"datePublished\":\"2024-03-25T08:33:21+00:00\",\"dateModified\":\"2025-01-17T10:48:39+00:00\",\"breadcrumb\":{\"@id\":\"https:\/\/www.zdrojownia.pl\/produkty\/wodociag\/#breadcrumb\"},\"inLanguage\":\"en-GB\",\"potentialAction\":[{\"@type\":\"ReadAction\",\"target\":[\"https:\/\/www.zdrojownia.pl\/produkty\/wodociag\/\"]}]},{\"@type\":\"ImageObject\",\"inLanguage\":\"en-GB\",\"@id\":\"https:\/\/www.zdrojownia.pl\/produkty\/wodociag\/#primaryimage\",\"url\":\"https:\/\/www.zdrojownia.pl\/wp-content\/uploads\/2024\/04\/Image-19.png\",\"contentUrl\":\"https:\/\/www.zdrojownia.pl\/wp-content\/uploads\/2024\/04\/Image-19.png\"},{\"@type\":\"BreadcrumbList\",\"@id\":\"https:\/\/www.zdrojownia.pl\/produkty\/wodociag\/#breadcrumb\",\"itemListElement\":[{\"@type\":\"ListItem\",\"position\":1,\"name\":\"Strona g\u0142\u00f3wna\",\"item\":\"https:\/\/www.zdrojownia.pl\/\"},{\"@type\":\"ListItem\",\"position\":2,\"name\":\"Produkty\",\"item\":\"https:\/\/www.zdrojownia.pl\/produkty\/\"},{\"@type\":\"ListItem\",\"position\":3,\"name\":\"Wodoci\u0105gi\"}]},{\"@type\":\"WebSite\",\"@id\":\"https:\/\/www.zdrojownia.pl\/#website\",\"url\":\"https:\/\/www.zdrojownia.pl\/\",\"name\":\"Zdrojownia\",\"description\":\"Dystrybutory wody dla szk\u00f3\u0142 sprzeda\u017c, poide\u0142ko w szkole\",\"publisher\":{\"@id\":\"https:\/\/www.zdrojownia.pl\/#organization\"},\"potentialAction\":[{\"@type\":\"SearchAction\",\"target\":{\"@type\":\"EntryPoint\",\"urlTemplate\":\"https:\/\/www.zdrojownia.pl\/?s={search_term_string}\"},\"query-input\":{\"@type\":\"PropertyValueSpecification\",\"valueRequired\":true,\"valueName\":\"search_term_string\"}}],\"inLanguage\":\"en-GB\"},{\"@type\":\"Organization\",\"@id\":\"https:\/\/www.zdrojownia.pl\/#organization\",\"name\":\"Zdrojownia\",\"url\":\"https:\/\/www.zdrojownia.pl\/\",\"logo\":{\"@type\":\"ImageObject\",\"inLanguage\":\"en-GB\",\"@id\":\"https:\/\/www.zdrojownia.pl\/#\/schema\/logo\/image\/\",\"url\":\"https:\/\/www.zdrojownia.pl\/wp-content\/uploads\/2024\/04\/Group-20.png\",\"contentUrl\":\"https:\/\/www.zdrojownia.pl\/wp-content\/uploads\/2024\/04\/Group-20.png\",\"width\":177,\"height\":177,\"caption\":\"Zdrojownia\"},\"image\":{\"@id\":\"https:\/\/www.zdrojownia.pl\/#\/schema\/logo\/image\/\"}}]}<\/script>\n<!-- \/ Yoast SEO plugin. -->","yoast_head_json":{"title":"Distributors, springs, tap water stations, ornamental hydrants - Spas House","robots":{"index":"index","follow":"follow","max-snippet":"max-snippet:-1","max-image-preview":"max-image-preview:large","max-video-preview":"max-video-preview:-1"},"canonical":"https:\/\/www.zdrojownia.pl\/en\/products\/water-supply\/","og_locale":"en_GB","og_type":"article","og_title":"Dystrybutory, \u017ar\u00f3de\u0142ka, stacje wody kranowej, hydranty ozdobne - Zdrojownia","og_description":"Twoja woda dla Twoich pracownik\u00f3w oraz go\u015bci Niezale\u017cnie od tego, czy jeste\u015b indywidualnym u\u017cytkownikiem, czy prowadzisz dzia\u0142alno\u015b\u0107 gospodarcz\u0105, nasze dystrybutory [&hellip;]","og_url":"https:\/\/www.zdrojownia.pl\/en\/products\/water-supply\/","og_site_name":"Zdrojownia","article_modified_time":"2025-01-17T10:48:39+00:00","og_image":[{"url":"https:\/\/www.zdrojownia.pl\/wp-content\/uploads\/2024\/04\/Image-19.png","type":"","width":"","height":""}],"twitter_card":"summary_large_image","twitter_misc":{"Estimated reading time":"2 minutes"},"schema":{"@context":"https:\/\/schema.org","@graph":[{"@type":"WebPage","@id":"https:\/\/www.zdrojownia.pl\/produkty\/wodociag\/","url":"https:\/\/www.zdrojownia.pl\/produkty\/wodociag\/","name":"Distributors, springs, tap water stations, ornamental hydrants - Spas House","isPartOf":{"@id":"https:\/\/www.zdrojownia.pl\/#website"},"primaryImageOfPage":{"@id":"https:\/\/www.zdrojownia.pl\/produkty\/wodociag\/#primaryimage"},"image":{"@id":"https:\/\/www.zdrojownia.pl\/produkty\/wodociag\/#primaryimage"},"thumbnailUrl":"https:\/\/www.zdrojownia.pl\/wp-content\/uploads\/2024\/04\/Image-19.png","datePublished":"2024-03-25T08:33:21+00:00","dateModified":"2025-01-17T10:48:39+00:00","breadcrumb":{"@id":"https:\/\/www.zdrojownia.pl\/produkty\/wodociag\/#breadcrumb"},"inLanguage":"en-GB","potentialAction":[{"@type":"ReadAction","target":["https:\/\/www.zdrojownia.pl\/produkty\/wodociag\/"]}]},{"@type":"ImageObject","inLanguage":"en-GB","@id":"https:\/\/www.zdrojownia.pl\/produkty\/wodociag\/#primaryimage","url":"https:\/\/www.zdrojownia.pl\/wp-content\/uploads\/2024\/04\/Image-19.png","contentUrl":"https:\/\/www.zdrojownia.pl\/wp-content\/uploads\/2024\/04\/Image-19.png"},{"@type":"BreadcrumbList","@id":"https:\/\/www.zdrojownia.pl\/produkty\/wodociag\/#breadcrumb","itemListElement":[{"@type":"ListItem","position":1,"name":"Strona g\u0142\u00f3wna","item":"https:\/\/www.zdrojownia.pl\/"},{"@type":"ListItem","position":2,"name":"Produkty","item":"https:\/\/www.zdrojownia.pl\/produkty\/"},{"@type":"ListItem","position":3,"name":"Wodoci\u0105gi"}]},{"@type":"WebSite","@id":"https:\/\/www.zdrojownia.pl\/#website","url":"https:\/\/www.zdrojownia.pl\/","name":"Spas","description":"Water dispensers for schools sale, school drinkers","publisher":{"@id":"https:\/\/www.zdrojownia.pl\/#organization"},"potentialAction":[{"@type":"SearchAction","target":{"@type":"EntryPoint","urlTemplate":"https:\/\/www.zdrojownia.pl\/?s={search_term_string}"},"query-input":{"@type":"PropertyValueSpecification","valueRequired":true,"valueName":"search_term_string"}}],"inLanguage":"en-GB"},{"@type":"Organization","@id":"https:\/\/www.zdrojownia.pl\/#organization","name":"Spas","url":"https:\/\/www.zdrojownia.pl\/","logo":{"@type":"ImageObject","inLanguage":"en-GB","@id":"https:\/\/www.zdrojownia.pl\/#\/schema\/logo\/image\/","url":"https:\/\/www.zdrojownia.pl\/wp-content\/uploads\/2024\/04\/Group-20.png","contentUrl":"https:\/\/www.zdrojownia.pl\/wp-content\/uploads\/2024\/04\/Group-20.png","width":177,"height":177,"caption":"Zdrojownia"},"image":{"@id":"https:\/\/www.zdrojownia.pl\/#\/schema\/logo\/image\/"}}]}},"_links":{"self":[{"href":"https:\/\/www.zdrojownia.pl\/en\/wp-json\/wp\/v2\/pages\/11279","targetHints":{"allow":["GET"]}}],"collection":[{"href":"https:\/\/www.zdrojownia.pl\/en\/wp-json\/wp\/v2\/pages"}],"about":[{"href":"https:\/\/www.zdrojownia.pl\/en\/wp-json\/wp\/v2\/types\/page"}],"author":[{"embeddable":true,"href":"https:\/\/www.zdrojownia.pl\/en\/wp-json\/wp\/v2\/users\/10"}],"replies":[{"embeddable":true,"href":"https:\/\/www.zdrojownia.pl\/en\/wp-json\/wp\/v2\/comments?post=11279"}],"version-history":[{"count":9,"href":"https:\/\/www.zdrojownia.pl\/en\/wp-json\/wp\/v2\/pages\/11279\/revisions"}],"predecessor-version":[{"id":13147,"href":"https:\/\/www.zdrojownia.pl\/en\/wp-json\/wp\/v2\/pages\/11279\/revisions\/13147"}],"up":[{"embeddable":true,"href":"https:\/\/www.zdrojownia.pl\/en\/wp-json\/wp\/v2\/pages\/11274"}],"wp:attachment":[{"href":"https:\/\/www.zdrojownia.pl\/en\/wp-json\/wp\/v2\/media?parent=11279"}],"curies":[{"name":"wp","href":"https:\/\/api.w.org\/{rel}","templated":true}]}}