{"id":11276,"date":"2024-03-25T08:26:13","date_gmt":"2024-03-25T08:26:13","guid":{"rendered":"https:\/\/zdrojownia.optimamedia.com.pl\/?page_id=11001"},"modified":"2024-07-12T12:52:02","modified_gmt":"2024-07-12T10:52:02","slug":"produkty-zewnetrzne","status":"publish","type":"page","link":"https:\/\/www.zdrojownia.pl\/en\/products-external\/","title":{"rendered":"External products"},"content":{"rendered":"","protected":false},"excerpt":{"rendered":"","protected":false},"author":10,"featured_media":0,"parent":0,"menu_order":0,"comment_status":"closed","ping_status":"closed","template":"produkty.php","meta":{"inline_featured_image":false,"footnotes":""},"class_list":["post-11276","page","type-page","status-publish","hentry"],"acf":[],"yoast_head":"<!-- This site is optimized with the Yoast SEO plugin v26.1 - https:\/\/yoast.com\/wordpress\/plugins\/seo\/ -->\n<title>Zdroje uliczne, zewn\u0119trzne - Zdrojownia<\/title>\n<meta name=\"robots\" content=\"index, follow, max-snippet:-1, max-image-preview:large, max-video-preview:-1\" \/>\n<link rel=\"canonical\" href=\"https:\/\/www.zdrojownia.pl\/en\/products-external\/\" \/>\n<meta property=\"og:locale\" content=\"en_GB\" \/>\n<meta property=\"og:type\" content=\"article\" \/>\n<meta property=\"og:title\" content=\"Zdroje uliczne, zewn\u0119trzne - Zdrojownia\" \/>\n<meta property=\"og:url\" content=\"https:\/\/www.zdrojownia.pl\/en\/products-external\/\" \/>\n<meta property=\"og:site_name\" content=\"Zdrojownia\" \/>\n<meta property=\"article:modified_time\" content=\"2024-07-12T10:52:02+00:00\" \/>\n<meta name=\"twitter:card\" content=\"summary_large_image\" \/>\n<script type=\"application\/ld+json\" class=\"yoast-schema-graph\">{\"@context\":\"https:\/\/schema.org\",\"@graph\":[{\"@type\":\"WebPage\",\"@id\":\"https:\/\/www.zdrojownia.pl\/produkty-zewnetrzne\/\",\"url\":\"https:\/\/www.zdrojownia.pl\/produkty-zewnetrzne\/\",\"name\":\"Zdroje uliczne, zewn\u0119trzne - Zdrojownia\",\"isPartOf\":{\"@id\":\"https:\/\/www.zdrojownia.pl\/#website\"},\"datePublished\":\"2024-03-25T08:26:13+00:00\",\"dateModified\":\"2024-07-12T10:52:02+00:00\",\"breadcrumb\":{\"@id\":\"https:\/\/www.zdrojownia.pl\/produkty-zewnetrzne\/#breadcrumb\"},\"inLanguage\":\"en-GB\",\"potentialAction\":[{\"@type\":\"ReadAction\",\"target\":[\"https:\/\/www.zdrojownia.pl\/produkty-zewnetrzne\/\"]}]},{\"@type\":\"BreadcrumbList\",\"@id\":\"https:\/\/www.zdrojownia.pl\/produkty-zewnetrzne\/#breadcrumb\",\"itemListElement\":[{\"@type\":\"ListItem\",\"position\":1,\"name\":\"Strona g\u0142\u00f3wna\",\"item\":\"https:\/\/www.zdrojownia.pl\/\"},{\"@type\":\"ListItem\",\"position\":2,\"name\":\"Produkty zewn\u0119trzne\"}]},{\"@type\":\"WebSite\",\"@id\":\"https:\/\/www.zdrojownia.pl\/#website\",\"url\":\"https:\/\/www.zdrojownia.pl\/\",\"name\":\"Zdrojownia\",\"description\":\"Dystrybutory wody dla szk\u00f3\u0142 sprzeda\u017c, poide\u0142ko w szkole\",\"publisher\":{\"@id\":\"https:\/\/www.zdrojownia.pl\/#organization\"},\"potentialAction\":[{\"@type\":\"SearchAction\",\"target\":{\"@type\":\"EntryPoint\",\"urlTemplate\":\"https:\/\/www.zdrojownia.pl\/?s={search_term_string}\"},\"query-input\":{\"@type\":\"PropertyValueSpecification\",\"valueRequired\":true,\"valueName\":\"search_term_string\"}}],\"inLanguage\":\"en-GB\"},{\"@type\":\"Organization\",\"@id\":\"https:\/\/www.zdrojownia.pl\/#organization\",\"name\":\"Zdrojownia\",\"url\":\"https:\/\/www.zdrojownia.pl\/\",\"logo\":{\"@type\":\"ImageObject\",\"inLanguage\":\"en-GB\",\"@id\":\"https:\/\/www.zdrojownia.pl\/#\/schema\/logo\/image\/\",\"url\":\"https:\/\/www.zdrojownia.pl\/wp-content\/uploads\/2024\/04\/Group-20.png\",\"contentUrl\":\"https:\/\/www.zdrojownia.pl\/wp-content\/uploads\/2024\/04\/Group-20.png\",\"width\":177,\"height\":177,\"caption\":\"Zdrojownia\"},\"image\":{\"@id\":\"https:\/\/www.zdrojownia.pl\/#\/schema\/logo\/image\/\"}}]}<\/script>\n<!-- \/ Yoast SEO plugin. -->","yoast_head_json":{"title":"Street sprinklers, outdoor sprinklers - Sprinkler House","robots":{"index":"index","follow":"follow","max-snippet":"max-snippet:-1","max-image-preview":"max-image-preview:large","max-video-preview":"max-video-preview:-1"},"canonical":"https:\/\/www.zdrojownia.pl\/en\/products-external\/","og_locale":"en_GB","og_type":"article","og_title":"Zdroje uliczne, zewn\u0119trzne - Zdrojownia","og_url":"https:\/\/www.zdrojownia.pl\/en\/products-external\/","og_site_name":"Zdrojownia","article_modified_time":"2024-07-12T10:52:02+00:00","twitter_card":"summary_large_image","schema":{"@context":"https:\/\/schema.org","@graph":[{"@type":"WebPage","@id":"https:\/\/www.zdrojownia.pl\/produkty-zewnetrzne\/","url":"https:\/\/www.zdrojownia.pl\/produkty-zewnetrzne\/","name":"Street sprinklers, outdoor sprinklers - Sprinkler House","isPartOf":{"@id":"https:\/\/www.zdrojownia.pl\/#website"},"datePublished":"2024-03-25T08:26:13+00:00","dateModified":"2024-07-12T10:52:02+00:00","breadcrumb":{"@id":"https:\/\/www.zdrojownia.pl\/produkty-zewnetrzne\/#breadcrumb"},"inLanguage":"en-GB","potentialAction":[{"@type":"ReadAction","target":["https:\/\/www.zdrojownia.pl\/produkty-zewnetrzne\/"]}]},{"@type":"BreadcrumbList","@id":"https:\/\/www.zdrojownia.pl\/produkty-zewnetrzne\/#breadcrumb","itemListElement":[{"@type":"ListItem","position":1,"name":"Strona g\u0142\u00f3wna","item":"https:\/\/www.zdrojownia.pl\/"},{"@type":"ListItem","position":2,"name":"Produkty zewn\u0119trzne"}]},{"@type":"WebSite","@id":"https:\/\/www.zdrojownia.pl\/#website","url":"https:\/\/www.zdrojownia.pl\/","name":"Spas","description":"Water dispensers for schools sale, school drinkers","publisher":{"@id":"https:\/\/www.zdrojownia.pl\/#organization"},"potentialAction":[{"@type":"SearchAction","target":{"@type":"EntryPoint","urlTemplate":"https:\/\/www.zdrojownia.pl\/?s={search_term_string}"},"query-input":{"@type":"PropertyValueSpecification","valueRequired":true,"valueName":"search_term_string"}}],"inLanguage":"en-GB"},{"@type":"Organization","@id":"https:\/\/www.zdrojownia.pl\/#organization","name":"Spas","url":"https:\/\/www.zdrojownia.pl\/","logo":{"@type":"ImageObject","inLanguage":"en-GB","@id":"https:\/\/www.zdrojownia.pl\/#\/schema\/logo\/image\/","url":"https:\/\/www.zdrojownia.pl\/wp-content\/uploads\/2024\/04\/Group-20.png","contentUrl":"https:\/\/www.zdrojownia.pl\/wp-content\/uploads\/2024\/04\/Group-20.png","width":177,"height":177,"caption":"Zdrojownia"},"image":{"@id":"https:\/\/www.zdrojownia.pl\/#\/schema\/logo\/image\/"}}]}},"_links":{"self":[{"href":"https:\/\/www.zdrojownia.pl\/en\/wp-json\/wp\/v2\/pages\/11276","targetHints":{"allow":["GET"]}}],"collection":[{"href":"https:\/\/www.zdrojownia.pl\/en\/wp-json\/wp\/v2\/pages"}],"about":[{"href":"https:\/\/www.zdrojownia.pl\/en\/wp-json\/wp\/v2\/types\/page"}],"author":[{"embeddable":true,"href":"https:\/\/www.zdrojownia.pl\/en\/wp-json\/wp\/v2\/users\/10"}],"replies":[{"embeddable":true,"href":"https:\/\/www.zdrojownia.pl\/en\/wp-json\/wp\/v2\/comments?post=11276"}],"version-history":[{"count":1,"href":"https:\/\/www.zdrojownia.pl\/en\/wp-json\/wp\/v2\/pages\/11276\/revisions"}],"predecessor-version":[{"id":12907,"href":"https:\/\/www.zdrojownia.pl\/en\/wp-json\/wp\/v2\/pages\/11276\/revisions\/12907"}],"wp:attachment":[{"href":"https:\/\/www.zdrojownia.pl\/en\/wp-json\/wp\/v2\/media?parent=11276"}],"curies":[{"name":"wp","href":"https:\/\/api.w.org\/{rel}","templated":true}]}}